{"id":5249,"date":"2022-06-08T23:23:11","date_gmt":"2022-06-08T21:23:11","guid":{"rendered":"https:\/\/mokitashop.com\/tienda\/uncategorized\/gift-card\/"},"modified":"2022-06-08T23:23:11","modified_gmt":"2022-06-08T21:23:11","slug":"gift-card","status":"publish","type":"product","link":"https:\/\/mokitashop.com\/en\/shop\/gift-cards\/gift-card\/","title":{"rendered":"Gift Card"},"content":{"rendered":"","protected":false},"excerpt":{"rendered":"<p>By buying a gift card you can save it and spend it whenever you want or simply send it to someone as a gift.<\/p>\n","protected":false},"featured_media":3262,"comment_status":"open","ping_status":"closed","template":"","meta":{"_et_pb_use_builder":"","_et_pb_old_content":"","_et_gb_content_width":""},"product_brand":[],"product_cat":[80],"product_tag":[],"class_list":{"0":"post-5249","1":"product","2":"type-product","3":"status-publish","4":"has-post-thumbnail","6":"product_cat-gift-cards","8":"first","9":"instock","10":"virtual","11":"sold-individually","12":"taxable","13":"purchasable","14":"product-type-simple"},"yoast_head":"<!-- This site is optimized with the Yoast SEO plugin v27.4 - https:\/\/yoast.com\/product\/yoast-seo-wordpress\/ -->\n<title>Gift Card - Mokita<\/title>\n<meta name=\"robots\" content=\"index, follow, max-snippet:-1, max-image-preview:large, max-video-preview:-1\" \/>\n<link rel=\"canonical\" href=\"https:\/\/mokitashop.com\/en\/shop\/gift-cards\/gift-card\/\" \/>\n<meta property=\"og:locale\" content=\"en_US\" \/>\n<meta property=\"og:type\" content=\"article\" \/>\n<meta property=\"og:title\" content=\"Gift Card - Mokita\" \/>\n<meta property=\"og:description\" content=\"By buying a gift card you can save it and spend it whenever you want or simply send it to someone as a gift.\" \/>\n<meta property=\"og:url\" content=\"https:\/\/mokitashop.com\/en\/shop\/gift-cards\/gift-card\/\" \/>\n<meta property=\"og:site_name\" content=\"Mokita\" \/>\n<meta property=\"og:image\" content=\"https:\/\/mokitashop.com\/wp-content\/uploads\/2022\/07\/8K7A6747-scaled.jpg\" \/>\n\t<meta property=\"og:image:width\" content=\"1707\" \/>\n\t<meta property=\"og:image:height\" content=\"2560\" \/>\n\t<meta property=\"og:image:type\" content=\"image\/jpeg\" \/>\n<meta name=\"twitter:card\" content=\"summary_large_image\" \/>\n<script type=\"application\/ld+json\" class=\"yoast-schema-graph\">{\"@context\":\"https:\\\/\\\/schema.org\",\"@graph\":[{\"@type\":\"WebPage\",\"@id\":\"https:\\\/\\\/mokitashop.com\\\/en\\\/shop\\\/gift-cards\\\/gift-card\\\/\",\"url\":\"https:\\\/\\\/mokitashop.com\\\/en\\\/shop\\\/gift-cards\\\/gift-card\\\/\",\"name\":\"Gift Card - Mokita\",\"isPartOf\":{\"@id\":\"https:\\\/\\\/mokitashop.com\\\/en\\\/#website\"},\"primaryImageOfPage\":{\"@id\":\"https:\\\/\\\/mokitashop.com\\\/en\\\/shop\\\/gift-cards\\\/gift-card\\\/#primaryimage\"},\"image\":{\"@id\":\"https:\\\/\\\/mokitashop.com\\\/en\\\/shop\\\/gift-cards\\\/gift-card\\\/#primaryimage\"},\"thumbnailUrl\":\"https:\\\/\\\/mokitashop.com\\\/wp-content\\\/uploads\\\/2022\\\/07\\\/8K7A6747-scaled.jpg\",\"datePublished\":\"2022-06-08T21:23:11+00:00\",\"breadcrumb\":{\"@id\":\"https:\\\/\\\/mokitashop.com\\\/en\\\/shop\\\/gift-cards\\\/gift-card\\\/#breadcrumb\"},\"inLanguage\":\"en-US\",\"potentialAction\":[{\"@type\":\"ReadAction\",\"target\":[\"https:\\\/\\\/mokitashop.com\\\/en\\\/shop\\\/gift-cards\\\/gift-card\\\/\"]}]},{\"@type\":\"ImageObject\",\"inLanguage\":\"en-US\",\"@id\":\"https:\\\/\\\/mokitashop.com\\\/en\\\/shop\\\/gift-cards\\\/gift-card\\\/#primaryimage\",\"url\":\"https:\\\/\\\/mokitashop.com\\\/wp-content\\\/uploads\\\/2022\\\/07\\\/8K7A6747-scaled.jpg\",\"contentUrl\":\"https:\\\/\\\/mokitashop.com\\\/wp-content\\\/uploads\\\/2022\\\/07\\\/8K7A6747-scaled.jpg\",\"width\":1707,\"height\":2560},{\"@type\":\"BreadcrumbList\",\"@id\":\"https:\\\/\\\/mokitashop.com\\\/en\\\/shop\\\/gift-cards\\\/gift-card\\\/#breadcrumb\",\"itemListElement\":[{\"@type\":\"ListItem\",\"position\":1,\"name\":\"Portada\",\"item\":\"https:\\\/\\\/mokitashop.com\\\/en\\\/\"},{\"@type\":\"ListItem\",\"position\":2,\"name\":\"Home\",\"item\":\"https:\\\/\\\/mokitashop.com\\\/en\\\/\"},{\"@type\":\"ListItem\",\"position\":3,\"name\":\"Gift Card\"}]},{\"@type\":\"WebSite\",\"@id\":\"https:\\\/\\\/mokitashop.com\\\/en\\\/#website\",\"url\":\"https:\\\/\\\/mokitashop.com\\\/en\\\/\",\"name\":\"Mokita\",\"description\":\"Art\u00edculos de piel natural de gran calidad. Dise\u00f1amos y fabricamos piezas \u00fanicas con cari\u00f1o y d\u00e1ndole su sitio a cada una de ellas.\",\"publisher\":{\"@id\":\"https:\\\/\\\/mokitashop.com\\\/en\\\/#organization\"},\"potentialAction\":[{\"@type\":\"SearchAction\",\"target\":{\"@type\":\"EntryPoint\",\"urlTemplate\":\"https:\\\/\\\/mokitashop.com\\\/en\\\/?s={search_term_string}\"},\"query-input\":{\"@type\":\"PropertyValueSpecification\",\"valueRequired\":true,\"valueName\":\"search_term_string\"}}],\"inLanguage\":\"en-US\"},{\"@type\":\"Organization\",\"@id\":\"https:\\\/\\\/mokitashop.com\\\/en\\\/#organization\",\"name\":\"Mokita\",\"url\":\"https:\\\/\\\/mokitashop.com\\\/en\\\/\",\"logo\":{\"@type\":\"ImageObject\",\"inLanguage\":\"en-US\",\"@id\":\"https:\\\/\\\/mokitashop.com\\\/en\\\/#\\\/schema\\\/logo\\\/image\\\/\",\"url\":\"https:\\\/\\\/mokitashop.com\\\/wp-content\\\/uploads\\\/2022\\\/03\\\/Imagen1.png\",\"contentUrl\":\"https:\\\/\\\/mokitashop.com\\\/wp-content\\\/uploads\\\/2022\\\/03\\\/Imagen1.png\",\"width\":395,\"height\":97,\"caption\":\"Mokita\"},\"image\":{\"@id\":\"https:\\\/\\\/mokitashop.com\\\/en\\\/#\\\/schema\\\/logo\\\/image\\\/\"},\"sameAs\":[\"https:\\\/\\\/www.instagram.com\\\/mokitaspain\\\/\"]}]}<\/script>\n<!-- \/ Yoast SEO plugin. -->","yoast_head_json":{"title":"Gift Card - Mokita","robots":{"index":"index","follow":"follow","max-snippet":"max-snippet:-1","max-image-preview":"max-image-preview:large","max-video-preview":"max-video-preview:-1"},"canonical":"https:\/\/mokitashop.com\/en\/shop\/gift-cards\/gift-card\/","og_locale":"en_US","og_type":"article","og_title":"Gift Card - Mokita","og_description":"By buying a gift card you can save it and spend it whenever you want or simply send it to someone as a gift.","og_url":"https:\/\/mokitashop.com\/en\/shop\/gift-cards\/gift-card\/","og_site_name":"Mokita","og_image":[{"width":1707,"height":2560,"url":"https:\/\/mokitashop.com\/wp-content\/uploads\/2022\/07\/8K7A6747-scaled.jpg","type":"image\/jpeg"}],"twitter_card":"summary_large_image","schema":{"@context":"https:\/\/schema.org","@graph":[{"@type":"WebPage","@id":"https:\/\/mokitashop.com\/en\/shop\/gift-cards\/gift-card\/","url":"https:\/\/mokitashop.com\/en\/shop\/gift-cards\/gift-card\/","name":"Gift Card - Mokita","isPartOf":{"@id":"https:\/\/mokitashop.com\/en\/#website"},"primaryImageOfPage":{"@id":"https:\/\/mokitashop.com\/en\/shop\/gift-cards\/gift-card\/#primaryimage"},"image":{"@id":"https:\/\/mokitashop.com\/en\/shop\/gift-cards\/gift-card\/#primaryimage"},"thumbnailUrl":"https:\/\/mokitashop.com\/wp-content\/uploads\/2022\/07\/8K7A6747-scaled.jpg","datePublished":"2022-06-08T21:23:11+00:00","breadcrumb":{"@id":"https:\/\/mokitashop.com\/en\/shop\/gift-cards\/gift-card\/#breadcrumb"},"inLanguage":"en-US","potentialAction":[{"@type":"ReadAction","target":["https:\/\/mokitashop.com\/en\/shop\/gift-cards\/gift-card\/"]}]},{"@type":"ImageObject","inLanguage":"en-US","@id":"https:\/\/mokitashop.com\/en\/shop\/gift-cards\/gift-card\/#primaryimage","url":"https:\/\/mokitashop.com\/wp-content\/uploads\/2022\/07\/8K7A6747-scaled.jpg","contentUrl":"https:\/\/mokitashop.com\/wp-content\/uploads\/2022\/07\/8K7A6747-scaled.jpg","width":1707,"height":2560},{"@type":"BreadcrumbList","@id":"https:\/\/mokitashop.com\/en\/shop\/gift-cards\/gift-card\/#breadcrumb","itemListElement":[{"@type":"ListItem","position":1,"name":"Portada","item":"https:\/\/mokitashop.com\/en\/"},{"@type":"ListItem","position":2,"name":"Home","item":"https:\/\/mokitashop.com\/en\/"},{"@type":"ListItem","position":3,"name":"Gift Card"}]},{"@type":"WebSite","@id":"https:\/\/mokitashop.com\/en\/#website","url":"https:\/\/mokitashop.com\/en\/","name":"Mokita","description":"Art\u00edculos de piel natural de gran calidad. Dise\u00f1amos y fabricamos piezas \u00fanicas con cari\u00f1o y d\u00e1ndole su sitio a cada una de ellas.","publisher":{"@id":"https:\/\/mokitashop.com\/en\/#organization"},"potentialAction":[{"@type":"SearchAction","target":{"@type":"EntryPoint","urlTemplate":"https:\/\/mokitashop.com\/en\/?s={search_term_string}"},"query-input":{"@type":"PropertyValueSpecification","valueRequired":true,"valueName":"search_term_string"}}],"inLanguage":"en-US"},{"@type":"Organization","@id":"https:\/\/mokitashop.com\/en\/#organization","name":"Mokita","url":"https:\/\/mokitashop.com\/en\/","logo":{"@type":"ImageObject","inLanguage":"en-US","@id":"https:\/\/mokitashop.com\/en\/#\/schema\/logo\/image\/","url":"https:\/\/mokitashop.com\/wp-content\/uploads\/2022\/03\/Imagen1.png","contentUrl":"https:\/\/mokitashop.com\/wp-content\/uploads\/2022\/03\/Imagen1.png","width":395,"height":97,"caption":"Mokita"},"image":{"@id":"https:\/\/mokitashop.com\/en\/#\/schema\/logo\/image\/"},"sameAs":["https:\/\/www.instagram.com\/mokitaspain\/"]}]}},"_links":{"self":[{"href":"https:\/\/mokitashop.com\/en\/wp-json\/wp\/v2\/product\/5249","targetHints":{"allow":["GET"]}}],"collection":[{"href":"https:\/\/mokitashop.com\/en\/wp-json\/wp\/v2\/product"}],"about":[{"href":"https:\/\/mokitashop.com\/en\/wp-json\/wp\/v2\/types\/product"}],"replies":[{"embeddable":true,"href":"https:\/\/mokitashop.com\/en\/wp-json\/wp\/v2\/comments?post=5249"}],"wp:featuredmedia":[{"embeddable":true,"href":"https:\/\/mokitashop.com\/en\/wp-json\/wp\/v2\/media\/3262"}],"wp:attachment":[{"href":"https:\/\/mokitashop.com\/en\/wp-json\/wp\/v2\/media?parent=5249"}],"wp:term":[{"taxonomy":"product_brand","embeddable":true,"href":"https:\/\/mokitashop.com\/en\/wp-json\/wp\/v2\/product_brand?post=5249"},{"taxonomy":"product_cat","embeddable":true,"href":"https:\/\/mokitashop.com\/en\/wp-json\/wp\/v2\/product_cat?post=5249"},{"taxonomy":"product_tag","embeddable":true,"href":"https:\/\/mokitashop.com\/en\/wp-json\/wp\/v2\/product_tag?post=5249"}],"curies":[{"name":"wp","href":"https:\/\/api.w.org\/{rel}","templated":true}]}}