{"id":5022,"date":"2022-07-11T15:55:11","date_gmt":"2022-07-11T13:55:11","guid":{"rendered":"https:\/\/mokitashop.com\/tienda\/uncategorized\/shopper-bag\/"},"modified":"2024-04-01T01:16:57","modified_gmt":"2024-03-31T23:16:57","slug":"shopper-bag","status":"publish","type":"product","link":"https:\/\/mokitashop.com\/en\/shop\/shearling-collection-en\/shopper-bag\/","title":{"rendered":"Shopper Bag"},"content":{"rendered":"<p>[et_pb_section fb_built=&#8221;1&#8243; _builder_version=&#8221;4.16&#8243; custom_padding=&#8221;0px||||false|false&#8221; global_colors_info=&#8221;{}&#8221;][et_pb_row _builder_version=&#8221;4.16&#8243; background_size=&#8221;initial&#8221; background_position=&#8221;top_left&#8221; background_repeat=&#8221;repeat&#8221; width=&#8221;100%&#8221; custom_padding=&#8221;0px||0px||false|false&#8221; global_colors_info=&#8221;{}&#8221;][et_pb_column type=&#8221;4_4&#8243; _builder_version=&#8221;4.16&#8243; custom_padding=&#8221;|||&#8221; global_colors_info=&#8221;{}&#8221; custom_padding__hover=&#8221;|||&#8221;][et_pb_wc_breadcrumb _builder_version=&#8221;4.16&#8243; global_colors_info=&#8221;{}&#8221;][\/et_pb_wc_breadcrumb][et_pb_wc_cart_notice _builder_version=&#8221;4.16&#8243; background_color=&#8221;#e7cbb8&#8243; background_enable_mask_style=&#8221;on&#8221; background_mask_style=&#8221;square-stripes&#8221; background_mask_color=&#8221;#FFFFFF&#8221; global_colors_info=&#8221;{}&#8221;][\/et_pb_wc_cart_notice][\/et_pb_column][\/et_pb_row][et_pb_row column_structure=&#8221;1_2,1_2&#8243; _builder_version=&#8221;4.16&#8243; background_size=&#8221;initial&#8221; background_position=&#8221;top_left&#8221; background_repeat=&#8221;repeat&#8221; width=&#8221;100%&#8221; custom_padding=&#8221;0px||||false|false&#8221; global_colors_info=&#8221;{}&#8221;][et_pb_column type=&#8221;1_2&#8243; _builder_version=&#8221;4.16&#8243; custom_padding=&#8221;|||&#8221; global_colors_info=&#8221;{}&#8221; custom_padding__hover=&#8221;|||&#8221;][et_pb_wc_images _builder_version=&#8221;4.16&#8243; global_colors_info=&#8221;{}&#8221;][\/et_pb_wc_images][\/et_pb_column][et_pb_column type=&#8221;1_2&#8243; _builder_version=&#8221;4.16&#8243; custom_padding=&#8221;|||&#8221; global_colors_info=&#8221;{}&#8221; custom_padding__hover=&#8221;|||&#8221;][et_pb_wc_title _builder_version=&#8221;4.16&#8243; global_colors_info=&#8221;{}&#8221;][\/et_pb_wc_title][et_pb_wc_rating _builder_version=&#8221;4.16&#8243; global_colors_info=&#8221;{}&#8221;][\/et_pb_wc_rating][et_pb_wc_price _builder_version=&#8221;4.16&#8243; global_colors_info=&#8221;{}&#8221;][\/et_pb_wc_price][et_pb_wc_description _builder_version=&#8221;4.16&#8243; global_colors_info=&#8221;{}&#8221;][\/et_pb_wc_description][et_pb_wc_add_to_cart _builder_version=&#8221;4.16&#8243; custom_button=&#8221;on&#8221; button_text_size=&#8221;14px&#8221; button_text_color=&#8221;#FFFFFF&#8221; button_bg_color=&#8221;#e7cbb9&#8243; button_border_width=&#8221;7px&#8221; button_border_color=&#8221;rgba(47,56,84,0)&#8221; button_border_radius=&#8221;100px&#8221; button_letter_spacing=&#8221;1px&#8221; button_font=&#8221;Abhaya Libre|800||on|||||&#8221; button_use_icon=&#8221;off&#8221; global_colors_info=&#8221;{}&#8221; button_text_color__hover=&#8221;#2f3854&#8243; button_text_color__hover_enabled=&#8221;on&#8221; button_bg_color__hover=&#8221;rgba(47,56,84,0.1)&#8221; button_bg_color__hover_enabled=&#8221;on&#8221; button_border_radius__hover=&#8221;65px&#8221; button_border_radius__hover_enabled=&#8221;on&#8221; button_letter_spacing__hover=&#8221;1px&#8221; button_letter_spacing__hover_enabled=&#8221;on&#8221;][\/et_pb_wc_add_to_cart][et_pb_wc_meta _builder_version=&#8221;4.16&#8243; global_colors_info=&#8221;{}&#8221;][\/et_pb_wc_meta][\/et_pb_column][\/et_pb_row][et_pb_row _builder_version=&#8221;4.16&#8243; background_size=&#8221;initial&#8221; background_position=&#8221;top_left&#8221; background_repeat=&#8221;repeat&#8221; width=&#8221;100%&#8221; global_colors_info=&#8221;{}&#8221;][et_pb_column type=&#8221;4_4&#8243; _builder_version=&#8221;4.16&#8243; custom_padding=&#8221;|||&#8221; global_colors_info=&#8221;{}&#8221; custom_padding__hover=&#8221;|||&#8221;][et_pb_wc_tabs _builder_version=&#8221;4.16&#8243; global_colors_info=&#8221;{}&#8221;] [\/et_pb_wc_tabs][et_pb_wc_upsells _builder_version=&#8221;4.16&#8243; global_colors_info=&#8221;{}&#8221;][\/et_pb_wc_upsells][et_pb_wc_related_products _builder_version=&#8221;4.16&#8243; global_colors_info=&#8221;{}&#8221;][\/et_pb_wc_related_products][\/et_pb_column][\/et_pb_row][\/et_pb_section]<\/p>\n","protected":false},"excerpt":{"rendered":"<p>Double-sided curly wool ShopperBag.<\/p>\n<p>&nbsp;<\/p>\n","protected":false},"featured_media":2809,"comment_status":"open","ping_status":"closed","template":"","meta":{"_et_pb_use_builder":"on","_et_pb_old_content":"Bolso shopper doble faz de lana rizada.\r\n\r\nBolsillo interior.\r\n\r\nCierre con cremallera.\r\n\r\nDisponible solo en este color.\r\n\r\nTalla \u00fanica.\r\n\r\nPara guardar la prenda siempre en una zona fresca, debemos introducirla dentro de la bolsa de Mokita que os enviamos junto al pedido para que la piel pueda transpirar.\r\n\r\nSi necesitas lavar la prenda dir\u00edgete a tintorer\u00edas especializadas.\r\n\r\nEn caso de que se moje colgar en una percha que se seque a temperatura ambiente, una vez seca se recomienda peinarla y levantar suavemente la piel.\r\n\r\nMedidas:\r\n<ul>\r\n \t<li>Altura: 37cm<\/li>\r\n \t<li>Ancho: 63cm<\/li>\r\n \t<li>Asa: 55cm<\/li>\r\n \t<li class=\"p1\">Bolsillo interior:\u00a0 20X24cm<\/li>\r\n<\/ul>\r\nComposici\u00f3n:\r\n<ul>\r\n \t<li>Piel: 100% Napal\u00e1n merino lana rizada<\/li>\r\n \t<li>Asas\/Bolsillo: 100% napa de cordero<\/li>\r\n<\/ul>","_et_gb_content_width":""},"product_brand":[],"product_cat":[81,79],"product_tag":[],"class_list":{"0":"post-5022","1":"product","2":"type-product","3":"status-publish","4":"has-post-thumbnail","6":"product_cat-bags","7":"product_cat-shearling-collection-en","9":"first","10":"outofstock","11":"taxable","12":"shipping-taxable","13":"purchasable","14":"product-type-simple"},"yoast_head":"<!-- This site is optimized with the Yoast SEO plugin v27.5 - https:\/\/yoast.com\/product\/yoast-seo-wordpress\/ -->\n<title>Shopper Bag - Mokita<\/title>\n<meta name=\"robots\" content=\"index, follow, max-snippet:-1, max-image-preview:large, max-video-preview:-1\" \/>\n<link rel=\"canonical\" href=\"https:\/\/mokitashop.com\/en\/shop\/shearling-collection-en\/shopper-bag\/\" \/>\n<meta property=\"og:locale\" content=\"en_US\" \/>\n<meta property=\"og:type\" content=\"article\" \/>\n<meta property=\"og:title\" content=\"Shopper Bag - Mokita\" \/>\n<meta property=\"og:description\" content=\"Double-sided curly wool ShopperBag. &nbsp;\" \/>\n<meta property=\"og:url\" content=\"https:\/\/mokitashop.com\/en\/shop\/shearling-collection-en\/shopper-bag\/\" \/>\n<meta property=\"og:site_name\" content=\"Mokita\" \/>\n<meta property=\"article:modified_time\" content=\"2024-03-31T23:16:57+00:00\" \/>\n<meta property=\"og:image\" content=\"https:\/\/mokitashop.com\/wp-content\/uploads\/2022\/07\/8K7A6604-scaled.jpg\" \/>\n\t<meta property=\"og:image:width\" content=\"1707\" \/>\n\t<meta property=\"og:image:height\" content=\"2560\" \/>\n\t<meta property=\"og:image:type\" content=\"image\/jpeg\" \/>\n<meta name=\"twitter:card\" content=\"summary_large_image\" \/>\n<meta name=\"twitter:label1\" content=\"Est. reading time\" \/>\n\t<meta name=\"twitter:data1\" content=\"2 minutes\" \/>\n<script type=\"application\/ld+json\" class=\"yoast-schema-graph\">{\"@context\":\"https:\\\/\\\/schema.org\",\"@graph\":[{\"@type\":\"WebPage\",\"@id\":\"https:\\\/\\\/mokitashop.com\\\/en\\\/shop\\\/shearling-collection-en\\\/shopper-bag\\\/\",\"url\":\"https:\\\/\\\/mokitashop.com\\\/en\\\/shop\\\/shearling-collection-en\\\/shopper-bag\\\/\",\"name\":\"Shopper Bag - Mokita\",\"isPartOf\":{\"@id\":\"https:\\\/\\\/mokitashop.com\\\/en\\\/#website\"},\"primaryImageOfPage\":{\"@id\":\"https:\\\/\\\/mokitashop.com\\\/en\\\/shop\\\/shearling-collection-en\\\/shopper-bag\\\/#primaryimage\"},\"image\":{\"@id\":\"https:\\\/\\\/mokitashop.com\\\/en\\\/shop\\\/shearling-collection-en\\\/shopper-bag\\\/#primaryimage\"},\"thumbnailUrl\":\"https:\\\/\\\/mokitashop.com\\\/wp-content\\\/uploads\\\/2022\\\/07\\\/8K7A6604-scaled.jpg\",\"datePublished\":\"2022-07-11T13:55:11+00:00\",\"dateModified\":\"2024-03-31T23:16:57+00:00\",\"breadcrumb\":{\"@id\":\"https:\\\/\\\/mokitashop.com\\\/en\\\/shop\\\/shearling-collection-en\\\/shopper-bag\\\/#breadcrumb\"},\"inLanguage\":\"en-US\",\"potentialAction\":[{\"@type\":\"ReadAction\",\"target\":[\"https:\\\/\\\/mokitashop.com\\\/en\\\/shop\\\/shearling-collection-en\\\/shopper-bag\\\/\"]}]},{\"@type\":\"ImageObject\",\"inLanguage\":\"en-US\",\"@id\":\"https:\\\/\\\/mokitashop.com\\\/en\\\/shop\\\/shearling-collection-en\\\/shopper-bag\\\/#primaryimage\",\"url\":\"https:\\\/\\\/mokitashop.com\\\/wp-content\\\/uploads\\\/2022\\\/07\\\/8K7A6604-scaled.jpg\",\"contentUrl\":\"https:\\\/\\\/mokitashop.com\\\/wp-content\\\/uploads\\\/2022\\\/07\\\/8K7A6604-scaled.jpg\",\"width\":1707,\"height\":2560},{\"@type\":\"BreadcrumbList\",\"@id\":\"https:\\\/\\\/mokitashop.com\\\/en\\\/shop\\\/shearling-collection-en\\\/shopper-bag\\\/#breadcrumb\",\"itemListElement\":[{\"@type\":\"ListItem\",\"position\":1,\"name\":\"Portada\",\"item\":\"https:\\\/\\\/mokitashop.com\\\/en\\\/\"},{\"@type\":\"ListItem\",\"position\":2,\"name\":\"Home\",\"item\":\"https:\\\/\\\/mokitashop.com\\\/en\\\/\"},{\"@type\":\"ListItem\",\"position\":3,\"name\":\"Shopper Bag\"}]},{\"@type\":\"WebSite\",\"@id\":\"https:\\\/\\\/mokitashop.com\\\/en\\\/#website\",\"url\":\"https:\\\/\\\/mokitashop.com\\\/en\\\/\",\"name\":\"Mokita\",\"description\":\"Art\u00edculos de piel natural de gran calidad. Dise\u00f1amos y fabricamos piezas \u00fanicas con cari\u00f1o y d\u00e1ndole su sitio a cada una de ellas.\",\"publisher\":{\"@id\":\"https:\\\/\\\/mokitashop.com\\\/en\\\/#organization\"},\"potentialAction\":[{\"@type\":\"SearchAction\",\"target\":{\"@type\":\"EntryPoint\",\"urlTemplate\":\"https:\\\/\\\/mokitashop.com\\\/en\\\/?s={search_term_string}\"},\"query-input\":{\"@type\":\"PropertyValueSpecification\",\"valueRequired\":true,\"valueName\":\"search_term_string\"}}],\"inLanguage\":\"en-US\"},{\"@type\":\"Organization\",\"@id\":\"https:\\\/\\\/mokitashop.com\\\/en\\\/#organization\",\"name\":\"Mokita\",\"url\":\"https:\\\/\\\/mokitashop.com\\\/en\\\/\",\"logo\":{\"@type\":\"ImageObject\",\"inLanguage\":\"en-US\",\"@id\":\"https:\\\/\\\/mokitashop.com\\\/en\\\/#\\\/schema\\\/logo\\\/image\\\/\",\"url\":\"https:\\\/\\\/mokitashop.com\\\/wp-content\\\/uploads\\\/2022\\\/03\\\/Imagen1.png\",\"contentUrl\":\"https:\\\/\\\/mokitashop.com\\\/wp-content\\\/uploads\\\/2022\\\/03\\\/Imagen1.png\",\"width\":395,\"height\":97,\"caption\":\"Mokita\"},\"image\":{\"@id\":\"https:\\\/\\\/mokitashop.com\\\/en\\\/#\\\/schema\\\/logo\\\/image\\\/\"},\"sameAs\":[\"https:\\\/\\\/www.instagram.com\\\/mokitaspain\\\/\"]}]}<\/script>\n<!-- \/ Yoast SEO plugin. -->","yoast_head_json":{"title":"Shopper Bag - Mokita","robots":{"index":"index","follow":"follow","max-snippet":"max-snippet:-1","max-image-preview":"max-image-preview:large","max-video-preview":"max-video-preview:-1"},"canonical":"https:\/\/mokitashop.com\/en\/shop\/shearling-collection-en\/shopper-bag\/","og_locale":"en_US","og_type":"article","og_title":"Shopper Bag - Mokita","og_description":"Double-sided curly wool ShopperBag. &nbsp;","og_url":"https:\/\/mokitashop.com\/en\/shop\/shearling-collection-en\/shopper-bag\/","og_site_name":"Mokita","article_modified_time":"2024-03-31T23:16:57+00:00","og_image":[{"width":1707,"height":2560,"url":"https:\/\/mokitashop.com\/wp-content\/uploads\/2022\/07\/8K7A6604-scaled.jpg","type":"image\/jpeg"}],"twitter_card":"summary_large_image","twitter_misc":{"Est. reading time":"2 minutes"},"schema":{"@context":"https:\/\/schema.org","@graph":[{"@type":"WebPage","@id":"https:\/\/mokitashop.com\/en\/shop\/shearling-collection-en\/shopper-bag\/","url":"https:\/\/mokitashop.com\/en\/shop\/shearling-collection-en\/shopper-bag\/","name":"Shopper Bag - Mokita","isPartOf":{"@id":"https:\/\/mokitashop.com\/en\/#website"},"primaryImageOfPage":{"@id":"https:\/\/mokitashop.com\/en\/shop\/shearling-collection-en\/shopper-bag\/#primaryimage"},"image":{"@id":"https:\/\/mokitashop.com\/en\/shop\/shearling-collection-en\/shopper-bag\/#primaryimage"},"thumbnailUrl":"https:\/\/mokitashop.com\/wp-content\/uploads\/2022\/07\/8K7A6604-scaled.jpg","datePublished":"2022-07-11T13:55:11+00:00","dateModified":"2024-03-31T23:16:57+00:00","breadcrumb":{"@id":"https:\/\/mokitashop.com\/en\/shop\/shearling-collection-en\/shopper-bag\/#breadcrumb"},"inLanguage":"en-US","potentialAction":[{"@type":"ReadAction","target":["https:\/\/mokitashop.com\/en\/shop\/shearling-collection-en\/shopper-bag\/"]}]},{"@type":"ImageObject","inLanguage":"en-US","@id":"https:\/\/mokitashop.com\/en\/shop\/shearling-collection-en\/shopper-bag\/#primaryimage","url":"https:\/\/mokitashop.com\/wp-content\/uploads\/2022\/07\/8K7A6604-scaled.jpg","contentUrl":"https:\/\/mokitashop.com\/wp-content\/uploads\/2022\/07\/8K7A6604-scaled.jpg","width":1707,"height":2560},{"@type":"BreadcrumbList","@id":"https:\/\/mokitashop.com\/en\/shop\/shearling-collection-en\/shopper-bag\/#breadcrumb","itemListElement":[{"@type":"ListItem","position":1,"name":"Portada","item":"https:\/\/mokitashop.com\/en\/"},{"@type":"ListItem","position":2,"name":"Home","item":"https:\/\/mokitashop.com\/en\/"},{"@type":"ListItem","position":3,"name":"Shopper Bag"}]},{"@type":"WebSite","@id":"https:\/\/mokitashop.com\/en\/#website","url":"https:\/\/mokitashop.com\/en\/","name":"Mokita","description":"Art\u00edculos de piel natural de gran calidad. Dise\u00f1amos y fabricamos piezas \u00fanicas con cari\u00f1o y d\u00e1ndole su sitio a cada una de ellas.","publisher":{"@id":"https:\/\/mokitashop.com\/en\/#organization"},"potentialAction":[{"@type":"SearchAction","target":{"@type":"EntryPoint","urlTemplate":"https:\/\/mokitashop.com\/en\/?s={search_term_string}"},"query-input":{"@type":"PropertyValueSpecification","valueRequired":true,"valueName":"search_term_string"}}],"inLanguage":"en-US"},{"@type":"Organization","@id":"https:\/\/mokitashop.com\/en\/#organization","name":"Mokita","url":"https:\/\/mokitashop.com\/en\/","logo":{"@type":"ImageObject","inLanguage":"en-US","@id":"https:\/\/mokitashop.com\/en\/#\/schema\/logo\/image\/","url":"https:\/\/mokitashop.com\/wp-content\/uploads\/2022\/03\/Imagen1.png","contentUrl":"https:\/\/mokitashop.com\/wp-content\/uploads\/2022\/03\/Imagen1.png","width":395,"height":97,"caption":"Mokita"},"image":{"@id":"https:\/\/mokitashop.com\/en\/#\/schema\/logo\/image\/"},"sameAs":["https:\/\/www.instagram.com\/mokitaspain\/"]}]}},"_links":{"self":[{"href":"https:\/\/mokitashop.com\/en\/wp-json\/wp\/v2\/product\/5022","targetHints":{"allow":["GET"]}}],"collection":[{"href":"https:\/\/mokitashop.com\/en\/wp-json\/wp\/v2\/product"}],"about":[{"href":"https:\/\/mokitashop.com\/en\/wp-json\/wp\/v2\/types\/product"}],"replies":[{"embeddable":true,"href":"https:\/\/mokitashop.com\/en\/wp-json\/wp\/v2\/comments?post=5022"}],"wp:featuredmedia":[{"embeddable":true,"href":"https:\/\/mokitashop.com\/en\/wp-json\/wp\/v2\/media\/2809"}],"wp:attachment":[{"href":"https:\/\/mokitashop.com\/en\/wp-json\/wp\/v2\/media?parent=5022"}],"wp:term":[{"taxonomy":"product_brand","embeddable":true,"href":"https:\/\/mokitashop.com\/en\/wp-json\/wp\/v2\/product_brand?post=5022"},{"taxonomy":"product_cat","embeddable":true,"href":"https:\/\/mokitashop.com\/en\/wp-json\/wp\/v2\/product_cat?post=5022"},{"taxonomy":"product_tag","embeddable":true,"href":"https:\/\/mokitashop.com\/en\/wp-json\/wp\/v2\/product_tag?post=5022"}],"curies":[{"name":"wp","href":"https:\/\/api.w.org\/{rel}","templated":true}]}}