{"id":2585,"date":"2022-04-21T11:25:52","date_gmt":"2022-04-21T09:25:52","guid":{"rendered":"https:\/\/mokitashop.com\/about-us\/"},"modified":"2023-09-04T15:51:44","modified_gmt":"2023-09-04T13:51:44","slug":"about-us","status":"publish","type":"page","link":"https:\/\/mokitashop.com\/en\/about-us\/","title":{"rendered":"About us"},"content":{"rendered":"<p>[et_pb_section fb_built=&#8221;1&#8243; fullwidth=&#8221;on&#8221; custom_padding_last_edited=&#8221;on|phone&#8221; _builder_version=&#8221;4.21.0&#8243; _module_preset=&#8221;default&#8221; background_image=&#8221;https:\/\/mokitashop.com\/wp-content\/uploads\/2023\/09\/710A2310-1-scaled.jpg&#8221; background_size=&#8221;custom&#8221; background_image_width=&#8221;45%&#8221; background_position=&#8221;top_center&#8221; background_vertical_offset=&#8221;39%&#8221; custom_padding=&#8221;340px||340px||true|false&#8221; custom_padding_tablet=&#8221;340px||340px||true|false&#8221; custom_padding_phone=&#8221;175px||175px||true|false&#8221; hover_enabled=&#8221;0&#8243; locked=&#8221;off&#8221; global_colors_info=&#8221;{}&#8221; background_last_edited=&#8221;on|tablet&#8221; sticky_enabled=&#8221;0&#8243; background_size_phone=&#8221;cover&#8221; background_size_tablet=&#8221;cover&#8221;][\/et_pb_section][et_pb_section fb_built=&#8221;1&#8243; admin_label=&#8221;About&#8221; _builder_version=&#8221;4.16&#8243; _module_preset=&#8221;default&#8221; custom_padding=&#8221;0px||||false|false&#8221; global_colors_info=&#8221;{}&#8221;][et_pb_row use_custom_gutter=&#8221;on&#8221; gutter_width=&#8221;1&#8243; _builder_version=&#8221;4.17.4&#8243; _module_preset=&#8221;default&#8221; width=&#8221;100%&#8221; max_width=&#8221;1000px&#8221; custom_padding=&#8221;0px||9px||false|false&#8221; global_colors_info=&#8221;{}&#8221;][et_pb_column type=&#8221;4_4&#8243; _builder_version=&#8221;4.17.4&#8243; _module_preset=&#8221;default&#8221; custom_padding=&#8221;100px|0px|||false|false&#8221; custom_padding_tablet=&#8221;30px|0px|30px||false|false&#8221; custom_padding_phone=&#8221;20px||20px||false|false&#8221; custom_padding_last_edited=&#8221;on|phone&#8221; global_colors_info=&#8221;{}&#8221;][et_pb_text _builder_version=&#8221;4.17.4&#8243; _module_preset=&#8221;default&#8221; text_font=&#8221;Abhaya Libre||||||||&#8221; header_2_font=&#8221;Abhaya Libre|800|||||||&#8221; header_2_text_align=&#8221;center&#8221; header_2_text_color=&#8221;#000000&#8243; header_2_font_size=&#8221;45px&#8221; header_2_line_height=&#8221;1.2em&#8221; text_orientation=&#8221;justified&#8221; width=&#8221;500px&#8221; width_tablet=&#8221;&#8221; width_phone=&#8221;300px&#8221; width_last_edited=&#8221;on|phone&#8221; module_alignment=&#8221;center&#8221; custom_margin=&#8221;|0px|||false|false&#8221; header_2_font_size_tablet=&#8221;32px&#8221; header_2_font_size_phone=&#8221;20px&#8221; header_2_font_size_last_edited=&#8221;on|phone&#8221; locked=&#8221;off&#8221; global_colors_info=&#8221;{}&#8221;]<\/p>\n<h2>Hi we&#8217;re Maria and Laura,<\/h2>\n<p>[\/et_pb_text][et_pb_text _builder_version=&#8221;4.18.0&#8243; _module_preset=&#8221;default&#8221; text_font=&#8221;Times New Roman||||||||&#8221; text_text_color=&#8221;#000000&#8243; text_font_size=&#8221;18px&#8221; text_line_height=&#8221;1.8em&#8221; text_orientation=&#8221;justified&#8221; custom_margin_tablet=&#8221;&#8221; custom_margin_phone=&#8221;|31px||31px|false|true&#8221; custom_margin_last_edited=&#8221;on|phone&#8221; custom_padding=&#8221;|0px|||false|false&#8221; text_font_size_tablet=&#8221;16px&#8221; text_font_size_phone=&#8221;17px&#8221; text_font_size_last_edited=&#8221;on|phone&#8221; header_3_font_size_tablet=&#8221;&#8221; header_3_font_size_phone=&#8221;20px&#8221; header_3_font_size_last_edited=&#8221;on|phone&#8221; locked=&#8221;off&#8221; global_colors_info=&#8221;{}&#8221;]<\/p>\n<h3 style=\"text-align: center;\">north and south come together to create Mokita<\/h3>\n<p style=\"text-align: center;\">San Sebastian and Seville, the queen of the <em>last minute<\/em> and the born planner, but above all, very fond of each other and very good friends.<\/p>\n<p style=\"text-align: center;\">Our professional careers have always been linked to the world of fashion. Ever since we met, we had the idea of creating something together, until finally, in 2019, we fulfilled our dream.<\/p>\n<p>[\/et_pb_text][et_pb_text _builder_version=&#8221;4.18.0&#8243; _module_preset=&#8221;default&#8221; text_font=&#8221;Times New Roman||||||||&#8221; text_text_color=&#8221;#000000&#8243; text_font_size=&#8221;18px&#8221; text_line_height=&#8221;1.8em&#8221; text_orientation=&#8221;justified&#8221; custom_margin_tablet=&#8221;&#8221; custom_margin_phone=&#8221;|31px||31px|false|true&#8221; custom_margin_last_edited=&#8221;on|phone&#8221; custom_padding=&#8221;|0px|||false|false&#8221; header_2_font_size_tablet=&#8221;&#8221; header_2_font_size_phone=&#8221;19px&#8221; header_2_font_size_last_edited=&#8221;on|phone&#8221; locked=&#8221;off&#8221; global_colors_info=&#8221;{}&#8221;]<\/p>\n<h2 style=\"text-align: center;\"> <\/h2>\n<h2 style=\"text-align: center;\">Lovers of the beautiful, creative and different<\/h2>\n<p style=\"text-align: center;\"> we like to do things with love and giving each piece we develop its place.<\/p>\n<p style=\"text-align: center;\">[\/et_pb_text][et_pb_text _builder_version=&#8221;4.17.6&#8243; _module_preset=&#8221;default&#8221; text_font=&#8221;Abhaya Libre||||||||&#8221; header_2_font=&#8221;Abhaya Libre|800|||||||&#8221; header_2_text_align=&#8221;center&#8221; header_2_text_color=&#8221;#000000&#8243; header_2_font_size=&#8221;45px&#8221; header_2_line_height=&#8221;1.2em&#8221; text_orientation=&#8221;justified&#8221; width=&#8221;500px&#8221; width_tablet=&#8221;&#8221; width_phone=&#8221;300px&#8221; width_last_edited=&#8221;on|phone&#8221; module_alignment=&#8221;center&#8221; custom_margin=&#8221;|0px|||false|false&#8221; header_2_font_size_tablet=&#8221;32px&#8221; header_2_font_size_phone=&#8221;20px&#8221; header_2_font_size_last_edited=&#8221;on|phone&#8221; locked=&#8221;off&#8221; global_colors_info=&#8221;{}&#8221; custom_margin__hover_enabled=&#8221;off|desktop&#8221;]<\/p>\n<h2 style=\"text-align: center;\">The Mokita woman is feminine,<\/h2>\n<p>[\/et_pb_text][et_pb_text _builder_version=&#8221;4.18.0&#8243; _module_preset=&#8221;default&#8221; text_font=&#8221;Times New Roman||||||||&#8221; text_text_color=&#8221;#000000&#8243; text_font_size=&#8221;18px&#8221; text_line_height=&#8221;1.8em&#8221; text_orientation=&#8221;center&#8221; custom_margin=&#8221;|3px||3px|false|true&#8221; custom_margin_tablet=&#8221;|3px||3px|false|true&#8221; custom_margin_phone=&#8221;|31px||31px|false|true&#8221; custom_margin_last_edited=&#8221;on|phone&#8221; custom_padding=&#8221;|0px|||false|false&#8221; locked=&#8221;off&#8221; global_colors_info=&#8221;{}&#8221;]<\/p>\n<p style=\"text-align: center;\">flirtatious, sophisticated, dares with everything, sexy, fun and a bit crazy. Don&#8217;t wait for an event to wear a skin, any day can be extraordinary to wear a Mokita.<\/p>\n<p>[\/et_pb_text][et_pb_text _builder_version=&#8221;4.17.6&#8243; _module_preset=&#8221;default&#8221; text_font=&#8221;Times New Roman||||||||&#8221; text_text_color=&#8221;#000000&#8243; text_font_size=&#8221;18px&#8221; text_line_height=&#8221;1.8em&#8221; text_orientation=&#8221;justified&#8221; custom_padding=&#8221;|0px|||false|false&#8221; locked=&#8221;off&#8221; global_colors_info=&#8221;{}&#8221;]<\/p>\n<h2> <\/h2>\n<h2 style=\"text-align: center;\"><\/h2>\n<p>[\/et_pb_text][et_pb_text _builder_version=&#8221;4.18.0&#8243; _module_preset=&#8221;default&#8221; text_font=&#8221;Abhaya Libre||||||||&#8221; header_2_font=&#8221;Abhaya Libre|800|||||||&#8221; header_2_text_color=&#8221;#000000&#8243; header_2_font_size=&#8221;50px&#8221; header_2_line_height=&#8221;1.2em&#8221; width=&#8221;500px&#8221; width_tablet=&#8221;&#8221; width_phone=&#8221;300px&#8221; width_last_edited=&#8221;on|phone&#8221; custom_margin_tablet=&#8221;&#8221; custom_margin_phone=&#8221;|||30px|false|false&#8221; custom_margin_last_edited=&#8221;on|phone&#8221; custom_padding=&#8221;63px|||||&#8221; header_2_font_size_tablet=&#8221;32px&#8221; header_2_font_size_phone=&#8221;20px&#8221; header_2_font_size_last_edited=&#8221;on|phone&#8221; locked=&#8221;off&#8221; global_colors_info=&#8221;{}&#8221;]<\/p>\n<h2>Find us<\/h2>\n<p>[\/et_pb_text][\/et_pb_column][\/et_pb_row][et_pb_row column_structure=&#8221;1_3,1_3,1_3&#8243; use_custom_gutter=&#8221;on&#8221; gutter_width=&#8221;2&#8243; make_equal=&#8221;on&#8221; _builder_version=&#8221;4.16&#8243; _module_preset=&#8221;default&#8221; custom_padding=&#8221;||0px|||&#8221; global_colors_info=&#8221;{}&#8221;][et_pb_column type=&#8221;1_3&#8243; _builder_version=&#8221;4.16&#8243; _module_preset=&#8221;default&#8221; background_color=&#8221;#ffffff&#8221; custom_padding=&#8221;50px|20px|50px|20px|true|true&#8221; global_colors_info=&#8221;{}&#8221;][et_pb_blurb title=&#8221;Kraft &#038; Walkers&#8221; use_icon=&#8221;on&#8221; font_icon=&#8221;&#xe074;||divi||400&#8243; icon_color=&#8221;#cb9274&#8243; image_icon_width=&#8221;32px&#8221; _builder_version=&#8221;4.17.6&#8243; _module_preset=&#8221;default&#8221; header_font=&#8221;Abhaya Libre|800||on|||||&#8221; header_text_color=&#8221;#0b1115&#8243; header_font_size=&#8221;14px&#8221; header_letter_spacing=&#8221;1px&#8221; body_font=&#8221;Abhaya Libre||||||||&#8221; background_enable_color=&#8221;off&#8221; text_orientation=&#8221;center&#8221; custom_padding=&#8221;||||false|false&#8221; icon_font_size=&#8221;32px&#8221; locked=&#8221;off&#8221; global_colors_info=&#8221;{}&#8221;]<\/p>\n<p>Lagasca, 55 Street<\/p>\n<p>28001<\/p>\n<p>Madrid<\/p>\n<p>&nbsp;<\/p>\n<p>[\/et_pb_blurb][\/et_pb_column][et_pb_column type=&#8221;1_3&#8243; _builder_version=&#8221;4.16&#8243; _module_preset=&#8221;default&#8221; background_color=&#8221;#ffffff&#8221; custom_padding=&#8221;50px|20px|50px|20px|true|true&#8221; global_colors_info=&#8221;{}&#8221;][et_pb_blurb title=&#8221;Malmo the store&#8221; use_icon=&#8221;on&#8221; font_icon=&#8221;&#xe074;||divi||400&#8243; icon_color=&#8221;#cb9274&#8243; image_icon_width=&#8221;32px&#8221; _builder_version=&#8221;4.17.1&#8243; _module_preset=&#8221;default&#8221; header_font=&#8221;Abhaya Libre|800||on|||||&#8221; header_text_color=&#8221;#0b1115&#8243; header_font_size=&#8221;14px&#8221; header_letter_spacing=&#8221;1px&#8221; body_font=&#8221;Abhaya Libre||||||||&#8221; background_enable_color=&#8221;off&#8221; text_orientation=&#8221;center&#8221; custom_padding=&#8221;||||false|false&#8221; icon_font_size=&#8221;32px&#8221; locked=&#8221;off&#8221; global_colors_info=&#8221;{}&#8221;]<\/p>\n<p>Juan Pablos, 15 Street<\/p>\n<p>41013<\/p>\n<p>Sevilla<\/p>\n<p>&nbsp;<\/p>\n<p>[\/et_pb_blurb][\/et_pb_column][et_pb_column type=&#8221;1_3&#8243; _builder_version=&#8221;4.16&#8243; _module_preset=&#8221;default&#8221; background_color=&#8221;#ffffff&#8221; custom_padding=&#8221;50px|20px|50px|20px|true|true&#8221; global_colors_info=&#8221;{}&#8221;][et_pb_blurb title=&#8221;FLOW 112&#8243; use_icon=&#8221;on&#8221; font_icon=&#8221;&#xe074;||divi||400&#8243; icon_color=&#8221;#cb9274&#8243; image_icon_width=&#8221;32px&#8221; _builder_version=&#8221;4.16&#8243; _module_preset=&#8221;default&#8221; header_font=&#8221;Abhaya Libre|800||on|||||&#8221; header_text_color=&#8221;#0b1115&#8243; header_font_size=&#8221;14px&#8221; header_letter_spacing=&#8221;1px&#8221; body_font=&#8221;Abhaya Libre||||||||&#8221; background_enable_color=&#8221;off&#8221; text_orientation=&#8221;center&#8221; custom_padding=&#8221;||||false|false&#8221; icon_font_size=&#8221;32px&#8221; locked=&#8221;off&#8221; global_colors_info=&#8221;{}&#8221;]<\/p>\n<p>Manuel de la Quintana, 2 Street<\/p>\n<p>11407<\/p>\n<p>Jerez de la Frontera, Cadiz<\/p>\n<p>&nbsp;<\/p>\n<p>[\/et_pb_blurb][\/et_pb_column][\/et_pb_row][et_pb_row column_structure=&#8221;1_3,1_3,1_3&#8243; _builder_version=&#8221;4.17.1&#8243; _module_preset=&#8221;default&#8221; global_colors_info=&#8221;{}&#8221;][et_pb_column type=&#8221;1_3&#8243; _builder_version=&#8221;4.17.6&#8243; _module_preset=&#8221;default&#8221; global_colors_info=&#8221;{}&#8221;][et_pb_code _builder_version=&#8221;4.17.6&#8243; _module_preset=&#8221;default&#8221; global_colors_info=&#8221;{}&#8221;]<iframe data-src=\"https:\/\/www.google.com\/maps\/embed?pb=!1m18!1m12!1m3!1d3037.1581898167215!2d-3.6875228838805456!3d40.4274959629071!2m3!1f0!2f0!3f0!3m2!1i1024!2i768!4f13.1!3m3!1m2!1s0xd42298f676cee67%3A0x7ade687e0399e818!2sK%26W%20Lagasca%2055!5e0!3m2!1ses!2ses!4v1658321493931!5m2!1ses!2ses\" width=\"600\" height=\"450\" style=\"border:0;\" allowfullscreen=\"\" referrerpolicy=\"no-referrer-when-downgrade\" src=\"data:image\/svg+xml;base64,PHN2ZyB3aWR0aD0iMSIgaGVpZ2h0PSIxIiB4bWxucz0iaHR0cDovL3d3dy53My5vcmcvMjAwMC9zdmciPjwvc3ZnPg==\" class=\"lazyload\" data-load-mode=\"1\"><\/iframe>[\/et_pb_code][\/et_pb_column][et_pb_column type=&#8221;1_3&#8243; _builder_version=&#8221;4.17.1&#8243; _module_preset=&#8221;default&#8221; global_colors_info=&#8221;{}&#8221;][et_pb_code _builder_version=&#8221;4.17.1&#8243; _module_preset=&#8221;default&#8221; global_colors_info=&#8221;{}&#8221;]<iframe data-src=\"https:\/\/www.google.com\/maps\/embed?pb=!1m18!1m12!1m3!1d3170.803417624282!2d-5.987505485162668!3d37.37082812477986!2m3!1f0!2f0!3f0!3m2!1i1024!2i768!4f13.1!3m3!1m2!1s0xd126c27ff33469b%3A0x9db62fc7bf6503da!2sMalmo%20the%20store!5e0!3m2!1ses!2ses!4v1650536571561!5m2!1ses!2ses\" width=\"600\" height=\"450\" style=\"border:0;\" allowfullscreen=\"\" referrerpolicy=\"no-referrer-when-downgrade\" src=\"data:image\/svg+xml;base64,PHN2ZyB3aWR0aD0iMSIgaGVpZ2h0PSIxIiB4bWxucz0iaHR0cDovL3d3dy53My5vcmcvMjAwMC9zdmciPjwvc3ZnPg==\" class=\"lazyload\" data-load-mode=\"1\"><\/iframe>[\/et_pb_code][\/et_pb_column][et_pb_column type=&#8221;1_3&#8243; _builder_version=&#8221;4.17.1&#8243; _module_preset=&#8221;default&#8221; global_colors_info=&#8221;{}&#8221;][et_pb_code _builder_version=&#8221;4.17.1&#8243; _module_preset=&#8221;default&#8221; global_colors_info=&#8221;{}&#8221;]<iframe data-src=\"https:\/\/www.google.com\/maps\/embed?pb=!1m18!1m12!1m3!1d3199.318119006172!2d-6.135822985883097!3d36.69089277997118!2m3!1f0!2f0!3f0!3m2!1i1024!2i768!4f13.1!3m3!1m2!1s0xd0dc7e9f8119999%3A0xe3b474c62920881b!2sFlow%20112!5e0!3m2!1ses!2ses!4v1650536911155!5m2!1ses!2ses\" width=\"600\" height=\"450\" style=\"border:0;\" allowfullscreen=\"\" referrerpolicy=\"no-referrer-when-downgrade\" src=\"data:image\/svg+xml;base64,PHN2ZyB3aWR0aD0iMSIgaGVpZ2h0PSIxIiB4bWxucz0iaHR0cDovL3d3dy53My5vcmcvMjAwMC9zdmciPjwvc3ZnPg==\" class=\"lazyload\" data-load-mode=\"1\"><\/iframe>[\/et_pb_code][\/et_pb_column][\/et_pb_row][\/et_pb_section]<\/p>\n","protected":false},"excerpt":{"rendered":"<p>Hi we&#8217;re Maria and Laura,north and south come together to create Mokita San Sebastian and Seville, the queen of the last minute and the born planner, but above all, very fond of each other and very good friends. Our professional careers have always been linked to the world of fashion. Ever since we met, we [&hellip;]<\/p>\n","protected":false},"author":1,"featured_media":0,"parent":0,"menu_order":0,"comment_status":"closed","ping_status":"closed","template":"","meta":{"_et_pb_use_builder":"on","_et_pb_old_content":"","_et_gb_content_width":"","footnotes":""},"class_list":["post-2585","page","type-page","status-publish","hentry"],"yoast_head":"<!-- This site is optimized with the Yoast SEO plugin v27.4 - https:\/\/yoast.com\/product\/yoast-seo-wordpress\/ -->\n<title>About us - Mokita<\/title>\n<meta name=\"robots\" content=\"index, follow, max-snippet:-1, max-image-preview:large, max-video-preview:-1\" \/>\n<link rel=\"canonical\" href=\"https:\/\/mokitashop.com\/en\/about-us\/\" \/>\n<meta property=\"og:locale\" content=\"en_US\" \/>\n<meta property=\"og:type\" content=\"article\" \/>\n<meta property=\"og:title\" content=\"About us - Mokita\" \/>\n<meta property=\"og:description\" content=\"Hi we&#039;re Maria and Laura,north and south come together to create Mokita San Sebastian and Seville, the queen of the last minute and the born planner, but above all, very fond of each other and very good friends. Our professional careers have always been linked to the world of fashion. Ever since we met, we [&hellip;]\" \/>\n<meta property=\"og:url\" content=\"https:\/\/mokitashop.com\/en\/about-us\/\" \/>\n<meta property=\"og:site_name\" content=\"Mokita\" \/>\n<meta property=\"article:modified_time\" content=\"2023-09-04T13:51:44+00:00\" \/>\n<meta name=\"twitter:card\" content=\"summary_large_image\" \/>\n<meta name=\"twitter:label1\" content=\"Est. reading time\" \/>\n\t<meta name=\"twitter:data1\" content=\"2 minutes\" \/>\n<script type=\"application\/ld+json\" class=\"yoast-schema-graph\">{\"@context\":\"https:\\\/\\\/schema.org\",\"@graph\":[{\"@type\":\"WebPage\",\"@id\":\"https:\\\/\\\/mokitashop.com\\\/en\\\/about-us\\\/\",\"url\":\"https:\\\/\\\/mokitashop.com\\\/en\\\/about-us\\\/\",\"name\":\"About us - Mokita\",\"isPartOf\":{\"@id\":\"https:\\\/\\\/mokitashop.com\\\/en\\\/#website\"},\"datePublished\":\"2022-04-21T09:25:52+00:00\",\"dateModified\":\"2023-09-04T13:51:44+00:00\",\"breadcrumb\":{\"@id\":\"https:\\\/\\\/mokitashop.com\\\/en\\\/about-us\\\/#breadcrumb\"},\"inLanguage\":\"en-US\",\"potentialAction\":[{\"@type\":\"ReadAction\",\"target\":[\"https:\\\/\\\/mokitashop.com\\\/en\\\/about-us\\\/\"]}]},{\"@type\":\"BreadcrumbList\",\"@id\":\"https:\\\/\\\/mokitashop.com\\\/en\\\/about-us\\\/#breadcrumb\",\"itemListElement\":[{\"@type\":\"ListItem\",\"position\":1,\"name\":\"Portada\",\"item\":\"https:\\\/\\\/mokitashop.com\\\/en\\\/\"},{\"@type\":\"ListItem\",\"position\":2,\"name\":\"About us\"}]},{\"@type\":\"WebSite\",\"@id\":\"https:\\\/\\\/mokitashop.com\\\/en\\\/#website\",\"url\":\"https:\\\/\\\/mokitashop.com\\\/en\\\/\",\"name\":\"Mokita\",\"description\":\"Art\u00edculos de piel natural de gran calidad. Dise\u00f1amos y fabricamos piezas \u00fanicas con cari\u00f1o y d\u00e1ndole su sitio a cada una de ellas.\",\"publisher\":{\"@id\":\"https:\\\/\\\/mokitashop.com\\\/en\\\/#organization\"},\"potentialAction\":[{\"@type\":\"SearchAction\",\"target\":{\"@type\":\"EntryPoint\",\"urlTemplate\":\"https:\\\/\\\/mokitashop.com\\\/en\\\/?s={search_term_string}\"},\"query-input\":{\"@type\":\"PropertyValueSpecification\",\"valueRequired\":true,\"valueName\":\"search_term_string\"}}],\"inLanguage\":\"en-US\"},{\"@type\":\"Organization\",\"@id\":\"https:\\\/\\\/mokitashop.com\\\/en\\\/#organization\",\"name\":\"Mokita\",\"url\":\"https:\\\/\\\/mokitashop.com\\\/en\\\/\",\"logo\":{\"@type\":\"ImageObject\",\"inLanguage\":\"en-US\",\"@id\":\"https:\\\/\\\/mokitashop.com\\\/en\\\/#\\\/schema\\\/logo\\\/image\\\/\",\"url\":\"https:\\\/\\\/mokitashop.com\\\/wp-content\\\/uploads\\\/2022\\\/03\\\/Imagen1.png\",\"contentUrl\":\"https:\\\/\\\/mokitashop.com\\\/wp-content\\\/uploads\\\/2022\\\/03\\\/Imagen1.png\",\"width\":395,\"height\":97,\"caption\":\"Mokita\"},\"image\":{\"@id\":\"https:\\\/\\\/mokitashop.com\\\/en\\\/#\\\/schema\\\/logo\\\/image\\\/\"},\"sameAs\":[\"https:\\\/\\\/www.instagram.com\\\/mokitaspain\\\/\"]}]}<\/script>\n<!-- \/ Yoast SEO plugin. -->","yoast_head_json":{"title":"About us - Mokita","robots":{"index":"index","follow":"follow","max-snippet":"max-snippet:-1","max-image-preview":"max-image-preview:large","max-video-preview":"max-video-preview:-1"},"canonical":"https:\/\/mokitashop.com\/en\/about-us\/","og_locale":"en_US","og_type":"article","og_title":"About us - Mokita","og_description":"Hi we're Maria and Laura,north and south come together to create Mokita San Sebastian and Seville, the queen of the last minute and the born planner, but above all, very fond of each other and very good friends. Our professional careers have always been linked to the world of fashion. Ever since we met, we [&hellip;]","og_url":"https:\/\/mokitashop.com\/en\/about-us\/","og_site_name":"Mokita","article_modified_time":"2023-09-04T13:51:44+00:00","twitter_card":"summary_large_image","twitter_misc":{"Est. reading time":"2 minutes"},"schema":{"@context":"https:\/\/schema.org","@graph":[{"@type":"WebPage","@id":"https:\/\/mokitashop.com\/en\/about-us\/","url":"https:\/\/mokitashop.com\/en\/about-us\/","name":"About us - Mokita","isPartOf":{"@id":"https:\/\/mokitashop.com\/en\/#website"},"datePublished":"2022-04-21T09:25:52+00:00","dateModified":"2023-09-04T13:51:44+00:00","breadcrumb":{"@id":"https:\/\/mokitashop.com\/en\/about-us\/#breadcrumb"},"inLanguage":"en-US","potentialAction":[{"@type":"ReadAction","target":["https:\/\/mokitashop.com\/en\/about-us\/"]}]},{"@type":"BreadcrumbList","@id":"https:\/\/mokitashop.com\/en\/about-us\/#breadcrumb","itemListElement":[{"@type":"ListItem","position":1,"name":"Portada","item":"https:\/\/mokitashop.com\/en\/"},{"@type":"ListItem","position":2,"name":"About us"}]},{"@type":"WebSite","@id":"https:\/\/mokitashop.com\/en\/#website","url":"https:\/\/mokitashop.com\/en\/","name":"Mokita","description":"Art\u00edculos de piel natural de gran calidad. Dise\u00f1amos y fabricamos piezas \u00fanicas con cari\u00f1o y d\u00e1ndole su sitio a cada una de ellas.","publisher":{"@id":"https:\/\/mokitashop.com\/en\/#organization"},"potentialAction":[{"@type":"SearchAction","target":{"@type":"EntryPoint","urlTemplate":"https:\/\/mokitashop.com\/en\/?s={search_term_string}"},"query-input":{"@type":"PropertyValueSpecification","valueRequired":true,"valueName":"search_term_string"}}],"inLanguage":"en-US"},{"@type":"Organization","@id":"https:\/\/mokitashop.com\/en\/#organization","name":"Mokita","url":"https:\/\/mokitashop.com\/en\/","logo":{"@type":"ImageObject","inLanguage":"en-US","@id":"https:\/\/mokitashop.com\/en\/#\/schema\/logo\/image\/","url":"https:\/\/mokitashop.com\/wp-content\/uploads\/2022\/03\/Imagen1.png","contentUrl":"https:\/\/mokitashop.com\/wp-content\/uploads\/2022\/03\/Imagen1.png","width":395,"height":97,"caption":"Mokita"},"image":{"@id":"https:\/\/mokitashop.com\/en\/#\/schema\/logo\/image\/"},"sameAs":["https:\/\/www.instagram.com\/mokitaspain\/"]}]}},"_links":{"self":[{"href":"https:\/\/mokitashop.com\/en\/wp-json\/wp\/v2\/pages\/2585","targetHints":{"allow":["GET"]}}],"collection":[{"href":"https:\/\/mokitashop.com\/en\/wp-json\/wp\/v2\/pages"}],"about":[{"href":"https:\/\/mokitashop.com\/en\/wp-json\/wp\/v2\/types\/page"}],"author":[{"embeddable":true,"href":"https:\/\/mokitashop.com\/en\/wp-json\/wp\/v2\/users\/1"}],"replies":[{"embeddable":true,"href":"https:\/\/mokitashop.com\/en\/wp-json\/wp\/v2\/comments?post=2585"}],"version-history":[{"count":12,"href":"https:\/\/mokitashop.com\/en\/wp-json\/wp\/v2\/pages\/2585\/revisions"}],"predecessor-version":[{"id":8641,"href":"https:\/\/mokitashop.com\/en\/wp-json\/wp\/v2\/pages\/2585\/revisions\/8641"}],"wp:attachment":[{"href":"https:\/\/mokitashop.com\/en\/wp-json\/wp\/v2\/media?parent=2585"}],"curies":[{"name":"wp","href":"https:\/\/api.w.org\/{rel}","templated":true}]}}