{"id":2580,"date":"2022-04-21T13:23:33","date_gmt":"2022-04-21T11:23:33","guid":{"rendered":"https:\/\/mokitashop.com\/cookie-policy\/"},"modified":"2022-06-08T17:32:20","modified_gmt":"2022-06-08T15:32:20","slug":"cookie-policy","status":"publish","type":"page","link":"https:\/\/mokitashop.com\/en\/cookie-policy\/","title":{"rendered":"Cookie policy"},"content":{"rendered":"<p>[et_pb_section fb_built=&#8221;1&#8243; admin_label=&#8221;About&#8221; _builder_version=&#8221;4.16&#8243; _module_preset=&#8221;default&#8221; custom_padding=&#8221;0px||||false|false&#8221; global_colors_info=&#8221;{}&#8221;][et_pb_row use_custom_gutter=&#8221;on&#8221; gutter_width=&#8221;1&#8243; _builder_version=&#8221;4.16&#8243; _module_preset=&#8221;default&#8221; custom_padding=&#8221;0px||||false|false&#8221; global_colors_info=&#8221;{}&#8221;][et_pb_column type=&#8221;4_4&#8243; _builder_version=&#8221;4.16&#8243; _module_preset=&#8221;default&#8221; custom_padding=&#8221;100px|60px|||false|false&#8221; custom_padding_tablet=&#8221;30px|0px|30px||false|false&#8221; custom_padding_phone=&#8221;20px||20px||false|false&#8221; custom_padding_last_edited=&#8221;on|phone&#8221; global_colors_info=&#8221;{}&#8221;][et_pb_text _builder_version=&#8221;4.17.1&#8243; _module_preset=&#8221;default&#8221; text_font=&#8221;Abhaya Libre||||||||&#8221; header_2_font=&#8221;Abhaya Libre|800|||||||&#8221; header_2_text_color=&#8221;#000000&#8243; header_2_font_size=&#8221;50px&#8221; header_2_line_height=&#8221;1.2em&#8221; width=&#8221;500px&#8221; width_tablet=&#8221;&#8221; width_phone=&#8221;300px&#8221; width_last_edited=&#8221;on|phone&#8221; header_2_font_size_tablet=&#8221;32px&#8221; header_2_font_size_phone=&#8221;20px&#8221; header_2_font_size_last_edited=&#8221;on|phone&#8221; locked=&#8221;off&#8221; global_colors_info=&#8221;{}&#8221;]<\/p>\n<h2>Cookie policy<\/h2>\n<p>[\/et_pb_text][et_pb_text _builder_version=&#8221;4.17.1&#8243; _module_preset=&#8221;default&#8221; text_font=&#8221;Times New Roman||||||||&#8221; text_text_color=&#8221;#000000&#8243; text_font_size=&#8221;18px&#8221; text_line_height=&#8221;1.8em&#8221; text_orientation=&#8221;justified&#8221; custom_padding=&#8221;87px|0px||||&#8221; text_font_size_tablet=&#8221;16px&#8221; text_font_size_phone=&#8221;14px&#8221; text_font_size_last_edited=&#8221;off|desktop&#8221; locked=&#8221;off&#8221; global_colors_info=&#8221;{}&#8221;]<\/p>\n<p><span>MOKITA SHOP uses cookies to collect information.<\/span><span><\/span><\/p>\n<p><span>Types and uses.<\/span><\/p>\n<p><span>The service uses its own and third-party cookies to improve browsing, provide the service and obtain statistics on the use of the website.<\/span><\/p>\n<p><span>What is a cookie and what is it used for?<\/span><\/p>\n<p><span>A cookie is a text file that is sent to the web browser of your computer, mobile or tablet and is used to store and retrieve information about your browsing habits. For example, remembering your username and password or your profile preferences.<\/span><\/p>\n<p><span>What types of cookies are there? <\/span><\/p>\n<p><span>Depending on who manages them:<\/span><\/p>\n<p><span>\u2022 Own cookies; they are sent to your browser from our computers or web domains.<\/span><\/p>\n<p><span>\u2022 Third-party cookies; these are sent to your browser from a computer or web domain that is not managed directly by us, but by a third party entity such as Google.<\/span><\/p>\n<p><span>Depending on how long they are active, there are:<\/span><\/p>\n<p><span>\u2022 Session cookies; they remain in your browser&#8217;s cookie file until you leave the website, so none remain on your device.<\/span><\/p>\n<p><span>\u2022 Persistent cookies; they remain on your device and our website reads them each time you make a new visit. These cookies stop working after a certain date.<\/span><\/p>\n<p><span>Finally, and according to their purpose, we have:<\/span><\/p>\n<p><span>\u2022 Technical cookies; they improve browsing and the proper functioning of the website.<\/span><\/p>\n<p><span>\u2022 Personalisation cookies; they allow access to the service with predefined characteristics based on a series of criteria. <\/span><\/p>\n<p><span>\u2022 Analysis cookies; they enable the statistical measurement and analysis of the use made of the service provided.<\/span><\/p>\n<p><span>How to configure and disable cookies.<\/span><\/p>\n<p><span>You can allow, block or delete cookies installed on your device from your web browser. If you do not allow cookies to be installed on your device, your browsing experience may be worse. <\/span><\/p>\n<p>&nbsp;<\/p>\n<p>[\/et_pb_text][\/et_pb_column][\/et_pb_row][\/et_pb_section]<\/p>\n","protected":false},"excerpt":{"rendered":"<p>Cookie policyMOKITA SHOP uses cookies to collect information. Types and uses. The service uses its own and third-party cookies to improve browsing, provide the service and obtain statistics on the use of the website. What is a cookie and what is it used for? A cookie is a text file that is sent to the [&hellip;]<\/p>\n","protected":false},"author":1,"featured_media":0,"parent":0,"menu_order":0,"comment_status":"closed","ping_status":"closed","template":"","meta":{"_et_pb_use_builder":"on","_et_pb_old_content":"","_et_gb_content_width":"","footnotes":""},"class_list":["post-2580","page","type-page","status-publish","hentry"],"yoast_head":"<!-- This site is optimized with the Yoast SEO plugin v27.4 - https:\/\/yoast.com\/product\/yoast-seo-wordpress\/ -->\n<title>Cookie policy - Mokita<\/title>\n<meta name=\"robots\" content=\"index, follow, max-snippet:-1, max-image-preview:large, max-video-preview:-1\" \/>\n<link rel=\"canonical\" href=\"https:\/\/mokitashop.com\/en\/cookie-policy\/\" \/>\n<meta property=\"og:locale\" content=\"en_US\" \/>\n<meta property=\"og:type\" content=\"article\" \/>\n<meta property=\"og:title\" content=\"Cookie policy - Mokita\" \/>\n<meta property=\"og:description\" content=\"Cookie policyMOKITA SHOP uses cookies to collect information. Types and uses. The service uses its own and third-party cookies to improve browsing, provide the service and obtain statistics on the use of the website. What is a cookie and what is it used for? A cookie is a text file that is sent to the [&hellip;]\" \/>\n<meta property=\"og:url\" content=\"https:\/\/mokitashop.com\/en\/cookie-policy\/\" \/>\n<meta property=\"og:site_name\" content=\"Mokita\" \/>\n<meta property=\"article:modified_time\" content=\"2022-06-08T15:32:20+00:00\" \/>\n<meta name=\"twitter:card\" content=\"summary_large_image\" \/>\n<meta name=\"twitter:label1\" content=\"Est. reading time\" \/>\n\t<meta name=\"twitter:data1\" content=\"3 minutes\" \/>\n<script type=\"application\/ld+json\" class=\"yoast-schema-graph\">{\"@context\":\"https:\\\/\\\/schema.org\",\"@graph\":[{\"@type\":\"WebPage\",\"@id\":\"https:\\\/\\\/mokitashop.com\\\/en\\\/cookie-policy\\\/\",\"url\":\"https:\\\/\\\/mokitashop.com\\\/en\\\/cookie-policy\\\/\",\"name\":\"Cookie policy - Mokita\",\"isPartOf\":{\"@id\":\"https:\\\/\\\/mokitashop.com\\\/en\\\/#website\"},\"datePublished\":\"2022-04-21T11:23:33+00:00\",\"dateModified\":\"2022-06-08T15:32:20+00:00\",\"breadcrumb\":{\"@id\":\"https:\\\/\\\/mokitashop.com\\\/en\\\/cookie-policy\\\/#breadcrumb\"},\"inLanguage\":\"en-US\",\"potentialAction\":[{\"@type\":\"ReadAction\",\"target\":[\"https:\\\/\\\/mokitashop.com\\\/en\\\/cookie-policy\\\/\"]}]},{\"@type\":\"BreadcrumbList\",\"@id\":\"https:\\\/\\\/mokitashop.com\\\/en\\\/cookie-policy\\\/#breadcrumb\",\"itemListElement\":[{\"@type\":\"ListItem\",\"position\":1,\"name\":\"Portada\",\"item\":\"https:\\\/\\\/mokitashop.com\\\/en\\\/\"},{\"@type\":\"ListItem\",\"position\":2,\"name\":\"Cookie policy\"}]},{\"@type\":\"WebSite\",\"@id\":\"https:\\\/\\\/mokitashop.com\\\/en\\\/#website\",\"url\":\"https:\\\/\\\/mokitashop.com\\\/en\\\/\",\"name\":\"Mokita\",\"description\":\"Art\u00edculos de piel natural de gran calidad. Dise\u00f1amos y fabricamos piezas \u00fanicas con cari\u00f1o y d\u00e1ndole su sitio a cada una de ellas.\",\"publisher\":{\"@id\":\"https:\\\/\\\/mokitashop.com\\\/en\\\/#organization\"},\"potentialAction\":[{\"@type\":\"SearchAction\",\"target\":{\"@type\":\"EntryPoint\",\"urlTemplate\":\"https:\\\/\\\/mokitashop.com\\\/en\\\/?s={search_term_string}\"},\"query-input\":{\"@type\":\"PropertyValueSpecification\",\"valueRequired\":true,\"valueName\":\"search_term_string\"}}],\"inLanguage\":\"en-US\"},{\"@type\":\"Organization\",\"@id\":\"https:\\\/\\\/mokitashop.com\\\/en\\\/#organization\",\"name\":\"Mokita\",\"url\":\"https:\\\/\\\/mokitashop.com\\\/en\\\/\",\"logo\":{\"@type\":\"ImageObject\",\"inLanguage\":\"en-US\",\"@id\":\"https:\\\/\\\/mokitashop.com\\\/en\\\/#\\\/schema\\\/logo\\\/image\\\/\",\"url\":\"https:\\\/\\\/mokitashop.com\\\/wp-content\\\/uploads\\\/2022\\\/03\\\/Imagen1.png\",\"contentUrl\":\"https:\\\/\\\/mokitashop.com\\\/wp-content\\\/uploads\\\/2022\\\/03\\\/Imagen1.png\",\"width\":395,\"height\":97,\"caption\":\"Mokita\"},\"image\":{\"@id\":\"https:\\\/\\\/mokitashop.com\\\/en\\\/#\\\/schema\\\/logo\\\/image\\\/\"},\"sameAs\":[\"https:\\\/\\\/www.instagram.com\\\/mokitaspain\\\/\"]}]}<\/script>\n<!-- \/ Yoast SEO plugin. -->","yoast_head_json":{"title":"Cookie policy - Mokita","robots":{"index":"index","follow":"follow","max-snippet":"max-snippet:-1","max-image-preview":"max-image-preview:large","max-video-preview":"max-video-preview:-1"},"canonical":"https:\/\/mokitashop.com\/en\/cookie-policy\/","og_locale":"en_US","og_type":"article","og_title":"Cookie policy - Mokita","og_description":"Cookie policyMOKITA SHOP uses cookies to collect information. Types and uses. The service uses its own and third-party cookies to improve browsing, provide the service and obtain statistics on the use of the website. What is a cookie and what is it used for? A cookie is a text file that is sent to the [&hellip;]","og_url":"https:\/\/mokitashop.com\/en\/cookie-policy\/","og_site_name":"Mokita","article_modified_time":"2022-06-08T15:32:20+00:00","twitter_card":"summary_large_image","twitter_misc":{"Est. reading time":"3 minutes"},"schema":{"@context":"https:\/\/schema.org","@graph":[{"@type":"WebPage","@id":"https:\/\/mokitashop.com\/en\/cookie-policy\/","url":"https:\/\/mokitashop.com\/en\/cookie-policy\/","name":"Cookie policy - Mokita","isPartOf":{"@id":"https:\/\/mokitashop.com\/en\/#website"},"datePublished":"2022-04-21T11:23:33+00:00","dateModified":"2022-06-08T15:32:20+00:00","breadcrumb":{"@id":"https:\/\/mokitashop.com\/en\/cookie-policy\/#breadcrumb"},"inLanguage":"en-US","potentialAction":[{"@type":"ReadAction","target":["https:\/\/mokitashop.com\/en\/cookie-policy\/"]}]},{"@type":"BreadcrumbList","@id":"https:\/\/mokitashop.com\/en\/cookie-policy\/#breadcrumb","itemListElement":[{"@type":"ListItem","position":1,"name":"Portada","item":"https:\/\/mokitashop.com\/en\/"},{"@type":"ListItem","position":2,"name":"Cookie policy"}]},{"@type":"WebSite","@id":"https:\/\/mokitashop.com\/en\/#website","url":"https:\/\/mokitashop.com\/en\/","name":"Mokita","description":"Art\u00edculos de piel natural de gran calidad. Dise\u00f1amos y fabricamos piezas \u00fanicas con cari\u00f1o y d\u00e1ndole su sitio a cada una de ellas.","publisher":{"@id":"https:\/\/mokitashop.com\/en\/#organization"},"potentialAction":[{"@type":"SearchAction","target":{"@type":"EntryPoint","urlTemplate":"https:\/\/mokitashop.com\/en\/?s={search_term_string}"},"query-input":{"@type":"PropertyValueSpecification","valueRequired":true,"valueName":"search_term_string"}}],"inLanguage":"en-US"},{"@type":"Organization","@id":"https:\/\/mokitashop.com\/en\/#organization","name":"Mokita","url":"https:\/\/mokitashop.com\/en\/","logo":{"@type":"ImageObject","inLanguage":"en-US","@id":"https:\/\/mokitashop.com\/en\/#\/schema\/logo\/image\/","url":"https:\/\/mokitashop.com\/wp-content\/uploads\/2022\/03\/Imagen1.png","contentUrl":"https:\/\/mokitashop.com\/wp-content\/uploads\/2022\/03\/Imagen1.png","width":395,"height":97,"caption":"Mokita"},"image":{"@id":"https:\/\/mokitashop.com\/en\/#\/schema\/logo\/image\/"},"sameAs":["https:\/\/www.instagram.com\/mokitaspain\/"]}]}},"_links":{"self":[{"href":"https:\/\/mokitashop.com\/en\/wp-json\/wp\/v2\/pages\/2580","targetHints":{"allow":["GET"]}}],"collection":[{"href":"https:\/\/mokitashop.com\/en\/wp-json\/wp\/v2\/pages"}],"about":[{"href":"https:\/\/mokitashop.com\/en\/wp-json\/wp\/v2\/types\/page"}],"author":[{"embeddable":true,"href":"https:\/\/mokitashop.com\/en\/wp-json\/wp\/v2\/users\/1"}],"replies":[{"embeddable":true,"href":"https:\/\/mokitashop.com\/en\/wp-json\/wp\/v2\/comments?post=2580"}],"version-history":[{"count":2,"href":"https:\/\/mokitashop.com\/en\/wp-json\/wp\/v2\/pages\/2580\/revisions"}],"predecessor-version":[{"id":2582,"href":"https:\/\/mokitashop.com\/en\/wp-json\/wp\/v2\/pages\/2580\/revisions\/2582"}],"wp:attachment":[{"href":"https:\/\/mokitashop.com\/en\/wp-json\/wp\/v2\/media?parent=2580"}],"curies":[{"name":"wp","href":"https:\/\/api.w.org\/{rel}","templated":true}]}}