{"id":1637,"date":"2022-03-22T11:52:45","date_gmt":"2022-03-22T10:52:45","guid":{"rendered":"https:\/\/mokitashop.com\/mokita-tailored-to-you-needs\/"},"modified":"2022-09-01T16:00:45","modified_gmt":"2022-09-01T14:00:45","slug":"mokita-tailored-to-your-needs","status":"publish","type":"page","link":"https:\/\/mokitashop.com\/en\/mokita-tailored-to-your-needs\/","title":{"rendered":"Mokita tailored to your needs"},"content":{"rendered":"<p>[et_pb_section fb_built=&#8221;1&#8243; fullwidth=&#8221;on&#8221; admin_label=&#8221;Hero Section&#8221; _builder_version=&#8221;4.16&#8243; background_color=&#8221;rgba(255,255,255,0.7)&#8221; animation_style=&#8221;zoom&#8221; animation_direction=&#8221;bottom&#8221; animation_intensity_zoom=&#8221;4%&#8221; global_colors_info=&#8221;{}&#8221;][et_pb_fullwidth_header title=&#8221;Mokita tailored to your needs&#8221; text_orientation=&#8221;center&#8221; background_overlay_color=&#8221;rgba(0,0,0,0.43)&#8221; title_font_color=&#8221;#444235&#8243; subhead_font_color=&#8221;#444235&#8243; admin_label=&#8221;Hero&#8221; _builder_version=&#8221;4.18.0&#8243; title_font=&#8221;Yeseva One||||||||&#8221; title_text_color=&#8221;rgba(255,255,255,0.9)&#8221; title_font_size=&#8221;75px&#8221; title_line_height=&#8221;1.3em&#8221; subhead_font=&#8221;Open Sans|||on|&#8221; subhead_text_color=&#8221;#444235&#8243; subhead_font_size=&#8221;20px&#8221; subhead_letter_spacing=&#8221;8px&#8221; subhead_line_height=&#8221;2em&#8221; background_color=&#8221;rgba(255, 255, 255, 0)&#8221; background_image=&#8221;https:\/\/mokitashop.com\/wp-content\/uploads\/2022\/07\/8K7A6566-min-1-3.jpg&#8221; background_size=&#8221;custom&#8221; background_image_width=&#8221;0%&#8221; background_image_height=&#8221;0%&#8221; background_blend=&#8221;exclusion&#8221; custom_button_one=&#8221;on&#8221; button_one_text_size=&#8221;16px&#8221; button_one_text_color=&#8221;#ffffff&#8221; button_one_bg_color=&#8221;#d1af83&#8243; button_one_border_width=&#8221;10px&#8221; button_one_border_color=&#8221;#d1af83&#8243; button_one_border_radius=&#8221;0px&#8221; button_one_letter_spacing=&#8221;6px&#8221; button_one_font=&#8221;Open Sans||||&#8221; button_one_icon=&#8221;&#x24;||divi||400&#8243; button_one_icon_color=&#8221;#ffffff&#8221; button_one_on_hover=&#8221;off&#8221; background_layout=&#8221;light&#8221; custom_padding=&#8221;100px||100px|&#8221; animation_style=&#8221;fade&#8221; title_font_tablet=&#8221;Yeseva One||||||||&#8221; title_font_phone=&#8221;Yeseva One||||||||&#8221; title_font_last_edited=&#8221;on|phone&#8221; title_font_size_tablet=&#8221;&#8221; title_font_size_phone=&#8221;50px&#8221; title_font_size_last_edited=&#8221;on|phone&#8221; border_color_all_image=&#8221;#000000&#8243; button_one_letter_spacing_hover=&#8221;10px&#8221; saved_tabs=&#8221;all&#8221; global_colors_info=&#8221;{}&#8221; button_one_text_size__hover_enabled=&#8221;off&#8221; button_two_text_size__hover_enabled=&#8221;off&#8221; button_one_text_color__hover_enabled=&#8221;off&#8221; button_two_text_color__hover_enabled=&#8221;off&#8221; button_one_border_width__hover_enabled=&#8221;off&#8221; button_two_border_width__hover_enabled=&#8221;off&#8221; button_one_border_color__hover_enabled=&#8221;off&#8221; button_two_border_color__hover_enabled=&#8221;off&#8221; button_one_border_radius__hover_enabled=&#8221;off&#8221; button_two_border_radius__hover_enabled=&#8221;off&#8221; button_one_letter_spacing__hover_enabled=&#8221;on&#8221; button_one_letter_spacing__hover=&#8221;10px&#8221; button_two_letter_spacing__hover_enabled=&#8221;off&#8221; button_one_bg_color__hover_enabled=&#8221;off&#8221; button_two_bg_color__hover_enabled=&#8221;off&#8221;][\/et_pb_fullwidth_header][\/et_pb_section][et_pb_section fb_built=&#8221;1&#8243; admin_label=&#8221;Countdown Section&#8221; _builder_version=&#8221;4.16&#8243; custom_padding=&#8221;38px||100px|||&#8221; animation_style=&#8221;zoom&#8221; animation_direction=&#8221;bottom&#8221; animation_intensity_zoom=&#8221;4%&#8221; global_colors_info=&#8221;{}&#8221;][et_pb_row admin_label=&#8221;Countdown Title&#8221; _builder_version=&#8221;4.16&#8243; background_size=&#8221;initial&#8221; background_position=&#8221;top_left&#8221; background_repeat=&#8221;repeat&#8221; custom_padding=&#8221;0px|||||&#8221; global_colors_info=&#8221;{}&#8221;][et_pb_column type=&#8221;4_4&#8243; _builder_version=&#8221;4.16&#8243; custom_padding=&#8221;|||&#8221; global_colors_info=&#8221;{}&#8221; custom_padding__hover=&#8221;|||&#8221;][et_pb_text admin_label=&#8221;Title&#8221; _builder_version=&#8221;4.17.4&#8243; text_font=&#8221;Abhaya Libre||||||||&#8221; text_text_color=&#8221;#3e3f56&#8243; header_font=&#8221;Abhaya Libre|800|||||||&#8221; header_text_align=&#8221;center&#8221; header_text_color=&#8221;#444235&#8243; header_font_size=&#8221;55px&#8221; header_line_height=&#8221;1.3em&#8221; background_size=&#8221;initial&#8221; background_position=&#8221;top_left&#8221; background_repeat=&#8221;repeat&#8221; text_orientation=&#8221;center&#8221; module_alignment=&#8221;center&#8221; header_font_size_tablet=&#8221;&#8221; header_font_size_phone=&#8221;44px&#8221; header_font_size_last_edited=&#8221;on|phone&#8221; global_colors_info=&#8221;{}&#8221;]<\/p>\n<h1>Create your Mokita<\/h1>\n<p>[\/et_pb_text][et_pb_text admin_label=&#8221;Subtitle&#8221; _builder_version=&#8221;4.18.0&#8243; text_font=&#8221;Times New Roman||||||||&#8221; text_text_color=&#8221;rgba(68,66,53,0.8)&#8221; text_font_size=&#8221;19px&#8221; text_line_height=&#8221;1.6em&#8221; background_size=&#8221;initial&#8221; background_position=&#8221;top_left&#8221; background_repeat=&#8221;repeat&#8221; text_orientation=&#8221;center&#8221; max_width=&#8221;800px&#8221; module_alignment=&#8221;center&#8221; custom_margin=&#8221;||-27px|||&#8221; custom_padding=&#8221;|||&#8221; animation_style=&#8221;slide&#8221; animation_direction=&#8221;bottom&#8221; animation_delay=&#8221;50ms&#8221; animation_intensity_slide=&#8221;10%&#8221; global_colors_info=&#8221;{}&#8221;]<\/p>\n<p>Mokita is the best option to create your unique piece Our aim with this new service is give you the freedom to choose your own style, customizing details such as hair style, color, size&#8230; etc.<\/p>\n<p>You just need to explain to us what are your needs, measures, favourite colours, inspiration&#8230; That will help us to find the piece that you want.<\/p>\n<p>Once we find out what you need, we will discuss it with our workshop and give you a price. If we all agree&#8230;<\/p>\n<p>&nbsp;<\/p>\n<p>[\/et_pb_text][et_pb_text admin_label=&#8221;Title&#8221; _builder_version=&#8221;4.18.0&#8243; text_font=&#8221;||||&#8221; text_text_color=&#8221;#3e3f56&#8243; text_font_size=&#8221;17px&#8221; header_font=&#8221;Abhaya Libre|800|||||||&#8221; header_text_align=&#8221;center&#8221; header_text_color=&#8221;#444235&#8243; header_font_size=&#8221;60px&#8221; header_line_height=&#8221;1.3em&#8221; background_size=&#8221;initial&#8221; background_position=&#8221;top_left&#8221; background_repeat=&#8221;repeat&#8221; text_orientation=&#8221;center&#8221; module_alignment=&#8221;center&#8221; custom_padding=&#8221;84px|||||&#8221; header_font_size_tablet=&#8221;&#8221; header_font_size_phone=&#8221;44px&#8221; header_font_size_last_edited=&#8221;on|phone&#8221; global_colors_info=&#8221;{}&#8221;]<\/p>\n<h1>VOIL\u00c1!<\/h1>\n<p>[\/et_pb_text][\/et_pb_column][\/et_pb_row][\/et_pb_section][et_pb_section fb_built=&#8221;1&#8243; admin_label=&#8221;The Day Of Section&#8221; _builder_version=&#8221;4.18.0&#8243; background_color=&#8221;rgba(241,225,214,0.65)&#8221; custom_padding=&#8221;35px||0px|||&#8221; global_colors_info=&#8221;{}&#8221;][et_pb_row admin_label=&#8221;The Day Of Title&#8221; _builder_version=&#8221;4.16&#8243; background_size=&#8221;initial&#8221; background_position=&#8221;top_left&#8221; background_repeat=&#8221;repeat&#8221; custom_padding=&#8221;6px|||||&#8221; locked=&#8221;off&#8221; global_colors_info=&#8221;{}&#8221;][et_pb_column type=&#8221;4_4&#8243; _builder_version=&#8221;4.16&#8243; custom_padding=&#8221;|||&#8221; global_colors_info=&#8221;{}&#8221; custom_padding__hover=&#8221;|||&#8221;][et_pb_text admin_label=&#8221;Title&#8221; _builder_version=&#8221;4.17.4&#8243; text_font=&#8221;Abhaya Libre|700|||||||&#8221; text_text_color=&#8221;#3e3f56&#8243; header_font=&#8221;Abhaya Libre|700|||||||&#8221; header_text_align=&#8221;center&#8221; header_text_color=&#8221;#444235&#8243; header_font_size=&#8221;51px&#8221; header_line_height=&#8221;1.3em&#8221; background_size=&#8221;initial&#8221; background_position=&#8221;top_left&#8221; background_repeat=&#8221;repeat&#8221; text_orientation=&#8221;center&#8221; module_alignment=&#8221;center&#8221; custom_margin=&#8221;-26px|||||&#8221; custom_padding=&#8221;0px||0px|||&#8221; animation_style=&#8221;slide&#8221; animation_direction=&#8221;bottom&#8221; animation_intensity_slide=&#8221;10%&#8221; header_font_size_tablet=&#8221;&#8221; header_font_size_phone=&#8221;44px&#8221; header_font_size_last_edited=&#8221;on|phone&#8221; inline_fonts=&#8221;Yeseva One,Abhaya Libre&#8221; global_colors_info=&#8221;{}&#8221;]<\/p>\n<h1><span style=\"font-family: 'Abhaya Libre';\">How to do it<\/span><\/h1>\n<p>[\/et_pb_text][et_pb_text admin_label=&#8221;Subtitle&#8221; _builder_version=&#8221;4.17.4&#8243; text_font=&#8221;Times New Roman||||||||&#8221; text_text_color=&#8221;rgba(68,66,53,0.8)&#8221; text_font_size=&#8221;13px&#8221; text_line_height=&#8221;1.9em&#8221; background_size=&#8221;initial&#8221; background_position=&#8221;top_left&#8221; background_repeat=&#8221;repeat&#8221; text_orientation=&#8221;center&#8221; max_width=&#8221;800px&#8221; module_alignment=&#8221;center&#8221; custom_margin=&#8221;-37px|||||&#8221; custom_padding=&#8221;|||&#8221; animation_style=&#8221;slide&#8221; animation_direction=&#8221;bottom&#8221; animation_delay=&#8221;50ms&#8221; animation_intensity_slide=&#8221;10%&#8221; global_colors_info=&#8221;{}&#8221;]<\/p>\n<p><span class=\"\"><span>contact us through the email<\/span><\/span><\/p>\n<p>[\/et_pb_text][et_pb_text admin_label=&#8221;Title&#8221; _builder_version=&#8221;4.17.4&#8243; text_font=&#8221;Abhaya Libre|700|||||||&#8221; text_text_color=&#8221;#3e3f56&#8243; header_font=&#8221;Abhaya Libre|700|||||||&#8221; header_text_align=&#8221;center&#8221; header_text_color=&#8221;#444235&#8243; header_font_size=&#8221;53px&#8221; header_line_height=&#8221;1.3em&#8221; background_size=&#8221;initial&#8221; background_position=&#8221;top_left&#8221; background_repeat=&#8221;repeat&#8221; text_orientation=&#8221;center&#8221; module_alignment=&#8221;center&#8221; custom_margin=&#8221;-41px|||||&#8221; custom_padding=&#8221;0px|||||&#8221; animation_style=&#8221;slide&#8221; animation_direction=&#8221;bottom&#8221; animation_intensity_slide=&#8221;10%&#8221; header_font_size_tablet=&#8221;&#8221; header_font_size_phone=&#8221;44px&#8221; header_font_size_last_edited=&#8221;on|phone&#8221; inline_fonts=&#8221;Yeseva One,Abhaya Libre&#8221; global_colors_info=&#8221;{}&#8221;]<\/p>\n<h1><span style=\"font-family: 'Abhaya Libre'; font-size: x-large;\">info@mokitashop.es<\/span><\/h1>\n<p>[\/et_pb_text][\/et_pb_column][\/et_pb_row][et_pb_row column_structure=&#8221;1_2,1_2&#8243; admin_label=&#8221;The Day Of Area&#8221; _builder_version=&#8221;4.16&#8243; background_size=&#8221;initial&#8221; background_position=&#8221;top_left&#8221; background_repeat=&#8221;repeat&#8221; max_width=&#8221;600px&#8221; custom_margin=&#8221;-45px|auto||auto||&#8221; use_custom_width=&#8221;on&#8221; custom_width_px=&#8221;600px&#8221; global_colors_info=&#8221;{}&#8221;][et_pb_column type=&#8221;1_2&#8243; _builder_version=&#8221;4.16&#8243; custom_padding=&#8221;|||&#8221; global_colors_info=&#8221;{}&#8221; custom_padding__hover=&#8221;|||&#8221;][et_pb_blurb title=&#8221;Time &#8221; use_icon=&#8221;on&#8221; font_icon=&#8221;&#xe023;||divi||400&#8243; image_icon_width=&#8221;38px&#8221; admin_label=&#8221;Title&#8221; _builder_version=&#8221;4.17.4&#8243; header_font=&#8221;Abhaya Libre|700|||||||&#8221; header_text_align=&#8221;center&#8221; header_text_color=&#8221;#444235&#8243; header_font_size=&#8221;18px&#8221; background_size=&#8221;initial&#8221; background_position=&#8221;top_left&#8221; background_repeat=&#8221;repeat&#8221; module_alignment=&#8221;left&#8221; custom_margin=&#8221;|||&#8221; icon_font_size=&#8221;60px&#8221; global_colors_info=&#8221;{}&#8221;][\/et_pb_blurb][et_pb_text _builder_version=&#8221;4.17.4&#8243; text_font=&#8221;Times New Roman||||||||&#8221; text_text_color=&#8221;rgba(68,66,53,0.8)&#8221; text_font_size=&#8221;10px&#8221; text_line_height=&#8221;1.9em&#8221; header_font=&#8221;Baskervville||||||||&#8221; background_size=&#8221;initial&#8221; background_position=&#8221;top_left&#8221; background_repeat=&#8221;repeat&#8221; text_orientation=&#8221;center&#8221; max_width=&#8221;800px&#8221; module_alignment=&#8221;center&#8221; custom_margin=&#8221;|||&#8221; custom_padding=&#8221;|||&#8221; global_colors_info=&#8221;{}&#8221;]<\/p>\n<p><span style=\"font-size: 17px;\"><span style=\"font-size: small;\">2-4 weeks<\/span><br \/><\/span><\/p>\n<p>[\/et_pb_text][\/et_pb_column][et_pb_column type=&#8221;1_2&#8243; _builder_version=&#8221;4.16&#8243; custom_padding=&#8221;|||&#8221; global_colors_info=&#8221;{}&#8221; custom_padding__hover=&#8221;|||&#8221;][et_pb_blurb title=&#8221;Required data&#8221; use_icon=&#8221;on&#8221; font_icon=&#8221;&#xe002;||divi||400&#8243; image_icon_width=&#8221;38px&#8221; admin_label=&#8221;Title&#8221; _builder_version=&#8221;4.17.4&#8243; header_font=&#8221;Abhaya Libre|700|||||||&#8221; header_text_align=&#8221;center&#8221; header_text_color=&#8221;#444235&#8243; header_font_size=&#8221;18px&#8221; background_size=&#8221;initial&#8221; background_position=&#8221;top_left&#8221; background_repeat=&#8221;repeat&#8221; module_alignment=&#8221;left&#8221; custom_margin=&#8221;|||&#8221; icon_font_size=&#8221;60px&#8221; locked=&#8221;off&#8221; global_colors_info=&#8221;{}&#8221;][\/et_pb_blurb][et_pb_text _builder_version=&#8221;4.17.4&#8243; text_font=&#8221;Times New Roman||||||||&#8221; text_text_color=&#8221;rgba(68,66,53,0.8)&#8221; text_font_size=&#8221;13px&#8221; text_line_height=&#8221;1.4em&#8221; background_size=&#8221;initial&#8221; background_position=&#8221;top_left&#8221; background_repeat=&#8221;repeat&#8221; text_orientation=&#8221;center&#8221; max_width=&#8221;800px&#8221; module_alignment=&#8221;center&#8221; custom_margin=&#8221;|||&#8221; custom_padding=&#8221;|||&#8221; global_colors_info=&#8221;{}&#8221;]<\/p>\n<p>measures<br \/><span style=\"font-size: small;\">color<br \/><\/span>zipper<span style=\"font-size: 17px;\"><br \/> <span style=\"font-size: small;\">hairstyle<\/span> <br \/><\/span><\/p>\n<p>[\/et_pb_text][\/et_pb_column][\/et_pb_row][\/et_pb_section]<\/p>\n","protected":false},"excerpt":{"rendered":"<p>Create your MokitaMokita is the best option to create your unique piece Our aim with this new service is give you the freedom to choose your own style, customizing details such as hair style, color, size&#8230; etc. You just need to explain to us what are your needs, measures, favourite colours, inspiration&#8230; That will help [&hellip;]<\/p>\n","protected":false},"author":1,"featured_media":0,"parent":0,"menu_order":0,"comment_status":"closed","ping_status":"closed","template":"","meta":{"_et_pb_use_builder":"on","_et_pb_old_content":"","_et_gb_content_width":"","footnotes":""},"class_list":["post-1637","page","type-page","status-publish","hentry"],"yoast_head":"<!-- This site is optimized with the Yoast SEO plugin v27.5 - https:\/\/yoast.com\/product\/yoast-seo-wordpress\/ -->\n<title>Mokita tailored to your needs - Mokita<\/title>\n<meta name=\"robots\" content=\"index, follow, max-snippet:-1, max-image-preview:large, max-video-preview:-1\" \/>\n<link rel=\"canonical\" href=\"https:\/\/mokitashop.com\/en\/mokita-tailored-to-your-needs\/\" \/>\n<meta property=\"og:locale\" content=\"en_US\" \/>\n<meta property=\"og:type\" content=\"article\" \/>\n<meta property=\"og:title\" content=\"Mokita tailored to your needs - Mokita\" \/>\n<meta property=\"og:description\" content=\"Create your MokitaMokita is the best option to create your unique piece Our aim with this new service is give you the freedom to choose your own style, customizing details such as hair style, color, size... etc. You just need to explain to us what are your needs, measures, favourite colours, inspiration... That will help [&hellip;]\" \/>\n<meta property=\"og:url\" content=\"https:\/\/mokitashop.com\/en\/mokita-tailored-to-your-needs\/\" \/>\n<meta property=\"og:site_name\" content=\"Mokita\" \/>\n<meta property=\"article:modified_time\" content=\"2022-09-01T14:00:45+00:00\" \/>\n<meta name=\"twitter:card\" content=\"summary_large_image\" \/>\n<meta name=\"twitter:label1\" content=\"Est. reading time\" \/>\n\t<meta name=\"twitter:data1\" content=\"7 minutes\" \/>\n<script type=\"application\/ld+json\" class=\"yoast-schema-graph\">{\"@context\":\"https:\\\/\\\/schema.org\",\"@graph\":[{\"@type\":\"WebPage\",\"@id\":\"https:\\\/\\\/mokitashop.com\\\/en\\\/mokita-tailored-to-your-needs\\\/\",\"url\":\"https:\\\/\\\/mokitashop.com\\\/en\\\/mokita-tailored-to-your-needs\\\/\",\"name\":\"Mokita tailored to your needs - Mokita\",\"isPartOf\":{\"@id\":\"https:\\\/\\\/mokitashop.com\\\/en\\\/#website\"},\"datePublished\":\"2022-03-22T10:52:45+00:00\",\"dateModified\":\"2022-09-01T14:00:45+00:00\",\"breadcrumb\":{\"@id\":\"https:\\\/\\\/mokitashop.com\\\/en\\\/mokita-tailored-to-your-needs\\\/#breadcrumb\"},\"inLanguage\":\"en-US\",\"potentialAction\":[{\"@type\":\"ReadAction\",\"target\":[\"https:\\\/\\\/mokitashop.com\\\/en\\\/mokita-tailored-to-your-needs\\\/\"]}]},{\"@type\":\"BreadcrumbList\",\"@id\":\"https:\\\/\\\/mokitashop.com\\\/en\\\/mokita-tailored-to-your-needs\\\/#breadcrumb\",\"itemListElement\":[{\"@type\":\"ListItem\",\"position\":1,\"name\":\"Portada\",\"item\":\"https:\\\/\\\/mokitashop.com\\\/en\\\/\"},{\"@type\":\"ListItem\",\"position\":2,\"name\":\"Mokita tailored to your needs\"}]},{\"@type\":\"WebSite\",\"@id\":\"https:\\\/\\\/mokitashop.com\\\/en\\\/#website\",\"url\":\"https:\\\/\\\/mokitashop.com\\\/en\\\/\",\"name\":\"Mokita\",\"description\":\"Art\u00edculos de piel natural de gran calidad. Dise\u00f1amos y fabricamos piezas \u00fanicas con cari\u00f1o y d\u00e1ndole su sitio a cada una de ellas.\",\"publisher\":{\"@id\":\"https:\\\/\\\/mokitashop.com\\\/en\\\/#organization\"},\"potentialAction\":[{\"@type\":\"SearchAction\",\"target\":{\"@type\":\"EntryPoint\",\"urlTemplate\":\"https:\\\/\\\/mokitashop.com\\\/en\\\/?s={search_term_string}\"},\"query-input\":{\"@type\":\"PropertyValueSpecification\",\"valueRequired\":true,\"valueName\":\"search_term_string\"}}],\"inLanguage\":\"en-US\"},{\"@type\":\"Organization\",\"@id\":\"https:\\\/\\\/mokitashop.com\\\/en\\\/#organization\",\"name\":\"Mokita\",\"url\":\"https:\\\/\\\/mokitashop.com\\\/en\\\/\",\"logo\":{\"@type\":\"ImageObject\",\"inLanguage\":\"en-US\",\"@id\":\"https:\\\/\\\/mokitashop.com\\\/en\\\/#\\\/schema\\\/logo\\\/image\\\/\",\"url\":\"https:\\\/\\\/mokitashop.com\\\/wp-content\\\/uploads\\\/2022\\\/03\\\/Imagen1.png\",\"contentUrl\":\"https:\\\/\\\/mokitashop.com\\\/wp-content\\\/uploads\\\/2022\\\/03\\\/Imagen1.png\",\"width\":395,\"height\":97,\"caption\":\"Mokita\"},\"image\":{\"@id\":\"https:\\\/\\\/mokitashop.com\\\/en\\\/#\\\/schema\\\/logo\\\/image\\\/\"},\"sameAs\":[\"https:\\\/\\\/www.instagram.com\\\/mokitaspain\\\/\"]}]}<\/script>\n<!-- \/ Yoast SEO plugin. -->","yoast_head_json":{"title":"Mokita tailored to your needs - Mokita","robots":{"index":"index","follow":"follow","max-snippet":"max-snippet:-1","max-image-preview":"max-image-preview:large","max-video-preview":"max-video-preview:-1"},"canonical":"https:\/\/mokitashop.com\/en\/mokita-tailored-to-your-needs\/","og_locale":"en_US","og_type":"article","og_title":"Mokita tailored to your needs - Mokita","og_description":"Create your MokitaMokita is the best option to create your unique piece Our aim with this new service is give you the freedom to choose your own style, customizing details such as hair style, color, size... etc. You just need to explain to us what are your needs, measures, favourite colours, inspiration... That will help [&hellip;]","og_url":"https:\/\/mokitashop.com\/en\/mokita-tailored-to-your-needs\/","og_site_name":"Mokita","article_modified_time":"2022-09-01T14:00:45+00:00","twitter_card":"summary_large_image","twitter_misc":{"Est. reading time":"7 minutes"},"schema":{"@context":"https:\/\/schema.org","@graph":[{"@type":"WebPage","@id":"https:\/\/mokitashop.com\/en\/mokita-tailored-to-your-needs\/","url":"https:\/\/mokitashop.com\/en\/mokita-tailored-to-your-needs\/","name":"Mokita tailored to your needs - Mokita","isPartOf":{"@id":"https:\/\/mokitashop.com\/en\/#website"},"datePublished":"2022-03-22T10:52:45+00:00","dateModified":"2022-09-01T14:00:45+00:00","breadcrumb":{"@id":"https:\/\/mokitashop.com\/en\/mokita-tailored-to-your-needs\/#breadcrumb"},"inLanguage":"en-US","potentialAction":[{"@type":"ReadAction","target":["https:\/\/mokitashop.com\/en\/mokita-tailored-to-your-needs\/"]}]},{"@type":"BreadcrumbList","@id":"https:\/\/mokitashop.com\/en\/mokita-tailored-to-your-needs\/#breadcrumb","itemListElement":[{"@type":"ListItem","position":1,"name":"Portada","item":"https:\/\/mokitashop.com\/en\/"},{"@type":"ListItem","position":2,"name":"Mokita tailored to your needs"}]},{"@type":"WebSite","@id":"https:\/\/mokitashop.com\/en\/#website","url":"https:\/\/mokitashop.com\/en\/","name":"Mokita","description":"Art\u00edculos de piel natural de gran calidad. Dise\u00f1amos y fabricamos piezas \u00fanicas con cari\u00f1o y d\u00e1ndole su sitio a cada una de ellas.","publisher":{"@id":"https:\/\/mokitashop.com\/en\/#organization"},"potentialAction":[{"@type":"SearchAction","target":{"@type":"EntryPoint","urlTemplate":"https:\/\/mokitashop.com\/en\/?s={search_term_string}"},"query-input":{"@type":"PropertyValueSpecification","valueRequired":true,"valueName":"search_term_string"}}],"inLanguage":"en-US"},{"@type":"Organization","@id":"https:\/\/mokitashop.com\/en\/#organization","name":"Mokita","url":"https:\/\/mokitashop.com\/en\/","logo":{"@type":"ImageObject","inLanguage":"en-US","@id":"https:\/\/mokitashop.com\/en\/#\/schema\/logo\/image\/","url":"https:\/\/mokitashop.com\/wp-content\/uploads\/2022\/03\/Imagen1.png","contentUrl":"https:\/\/mokitashop.com\/wp-content\/uploads\/2022\/03\/Imagen1.png","width":395,"height":97,"caption":"Mokita"},"image":{"@id":"https:\/\/mokitashop.com\/en\/#\/schema\/logo\/image\/"},"sameAs":["https:\/\/www.instagram.com\/mokitaspain\/"]}]}},"_links":{"self":[{"href":"https:\/\/mokitashop.com\/en\/wp-json\/wp\/v2\/pages\/1637","targetHints":{"allow":["GET"]}}],"collection":[{"href":"https:\/\/mokitashop.com\/en\/wp-json\/wp\/v2\/pages"}],"about":[{"href":"https:\/\/mokitashop.com\/en\/wp-json\/wp\/v2\/types\/page"}],"author":[{"embeddable":true,"href":"https:\/\/mokitashop.com\/en\/wp-json\/wp\/v2\/users\/1"}],"replies":[{"embeddable":true,"href":"https:\/\/mokitashop.com\/en\/wp-json\/wp\/v2\/comments?post=1637"}],"version-history":[{"count":24,"href":"https:\/\/mokitashop.com\/en\/wp-json\/wp\/v2\/pages\/1637\/revisions"}],"predecessor-version":[{"id":6245,"href":"https:\/\/mokitashop.com\/en\/wp-json\/wp\/v2\/pages\/1637\/revisions\/6245"}],"wp:attachment":[{"href":"https:\/\/mokitashop.com\/en\/wp-json\/wp\/v2\/media?parent=1637"}],"curies":[{"name":"wp","href":"https:\/\/api.w.org\/{rel}","templated":true}]}}