{"id":1591,"date":"2022-04-21T13:37:29","date_gmt":"2022-04-21T11:37:29","guid":{"rendered":"https:\/\/mokitashop.com\/shipping-and-delivery\/"},"modified":"2023-09-20T20:02:10","modified_gmt":"2023-09-20T18:02:10","slug":"shipping-and-delivery","status":"publish","type":"page","link":"https:\/\/mokitashop.com\/en\/shipping-and-delivery\/","title":{"rendered":"Shipping and delivery"},"content":{"rendered":"<p>[et_pb_section fb_built=&#8221;1&#8243; admin_label=&#8221;About&#8221; _builder_version=&#8221;4.18.0&#8243; _module_preset=&#8221;default&#8221; custom_padding=&#8221;0px||||false|false&#8221; global_colors_info=&#8221;{}&#8221;][et_pb_row use_custom_gutter=&#8221;on&#8221; gutter_width=&#8221;1&#8243; _builder_version=&#8221;4.16&#8243; _module_preset=&#8221;default&#8221; custom_padding=&#8221;0px||0px||false|false&#8221; global_colors_info=&#8221;{}&#8221;][et_pb_column type=&#8221;4_4&#8243; _builder_version=&#8221;4.16&#8243; _module_preset=&#8221;default&#8221; custom_padding=&#8221;100px|60px|||false|false&#8221; custom_padding_tablet=&#8221;30px|0px|30px||false|false&#8221; custom_padding_phone=&#8221;20px||20px||false|false&#8221; custom_padding_last_edited=&#8221;on|phone&#8221; global_colors_info=&#8221;{}&#8221;][et_pb_text _builder_version=&#8221;4.18.0&#8243; _module_preset=&#8221;default&#8221; text_font=&#8221;Abhaya Libre||||||||&#8221; header_2_font=&#8221;Abhaya Libre|800|||||||&#8221; header_2_text_color=&#8221;#000000&#8243; header_2_font_size=&#8221;50px&#8221; header_2_line_height=&#8221;1.2em&#8221; width=&#8221;500px&#8221; width_tablet=&#8221;&#8221; width_phone=&#8221;300px&#8221; width_last_edited=&#8221;on|phone&#8221; header_2_font_size_tablet=&#8221;32px&#8221; header_2_font_size_phone=&#8221;30px&#8221; header_2_font_size_last_edited=&#8221;on|phone&#8221; locked=&#8221;off&#8221; global_colors_info=&#8221;{}&#8221;]<\/p>\n<h2>Shipping and delivery<\/h2>\n<p>[\/et_pb_text][et_pb_text _builder_version=&#8221;4.18.0&#8243; _module_preset=&#8221;default&#8221; text_font=&#8221;Times New Roman||||||||&#8221; text_text_color=&#8221;#000000&#8243; text_font_size=&#8221;18px&#8221; text_line_height=&#8221;1.8em&#8221; text_orientation=&#8221;justified&#8221; custom_margin_tablet=&#8221;&#8221; custom_margin_phone=&#8221;||||false|false&#8221; custom_margin_last_edited=&#8221;on|phone&#8221; custom_padding=&#8221;0px|0px|||false|false&#8221; text_font_size_tablet=&#8221;16px&#8221; text_font_size_phone=&#8221;14px&#8221; text_font_size_last_edited=&#8221;off|desktop&#8221; locked=&#8221;off&#8221; global_colors_info=&#8221;{}&#8221;]<\/p>\n<p>Delivery times and methods of delivery, as well as available payment methods, are clearly indicated during the purchase process.<\/p>\n<p>Although the Seller tries to always have available the products shown in this online store, exceptionally it may happen that the product requested by the customer is not available. In this case the seller will inform the customer of the delivery time of the order. In the exceptional case of not being able to provide the product, the seller may offer the customer a product of equivalent quality and price. The Customer may refuse this alternative and the Seller shall be obliged to immediately refund the amount of the product paid by the Customer.<\/p>\n<p>We offer the following payment method:<\/p>\n<ul class=\"defaultList\">\n<li>Credit card (Visa, Mastercard, Maestro).<\/li>\n<\/ul>\n<p>We do not store any bank data, we refer you to our bank&#8217;s payment gateway, which is a secure space managed by it.<\/p>\n<p>We work with different transportation agencies depending on the area. Your order can be delivered at any time during the day (from 9:00 to 20:00) and a signature will be requested upon delivery under receipt. If there is no one to accept delivery, a written message will be left recommending how and where to pick up the shipment.<\/p>\n<p>Mokita and its carriers are responsible for your garments during the time they are in transit until they are delivered to the specific delivery address. A signature is always requested to deliver the garment to the delivery address, and it is at the moment of signature that the responsibility for the purchased garments passes to the customer. Signature evidence is proof of delivery and performance by Mokita and likewise, transfer of responsibility. Mokita is not responsible for any delay in delivery caused by transportation or postal strikes, or by any customs clearance process at the destination.<\/p>\n<p>Insurance, customs and tariffs NOT included.<\/p>\n<p>For Canarias, Ceuta, Melilla y Andorra: DUA. Import payable at destination by the buyer (DAP)<\/p>\n<p>If the order has to go through customs, Mokita is not responsible for any additional customs charges or taxes that may arise. These will be borne by the buyer.<\/p>\n<p>[\/et_pb_text][\/et_pb_column][\/et_pb_row][\/et_pb_section][et_pb_section fb_built=&#8221;1&#8243; disabled_on=&#8221;on|on|off&#8221; admin_label=&#8221;About&#8221; _builder_version=&#8221;4.18.0&#8243; _module_preset=&#8221;default&#8221; custom_padding=&#8221;0px||||false|false&#8221; global_colors_info=&#8221;{}&#8221;][et_pb_row use_custom_gutter=&#8221;on&#8221; gutter_width=&#8221;1&#8243; _builder_version=&#8221;4.16&#8243; _module_preset=&#8221;default&#8221; custom_padding=&#8221;0px||||false|false&#8221; global_colors_info=&#8221;{}&#8221;][et_pb_column type=&#8221;4_4&#8243; _builder_version=&#8221;4.16&#8243; _module_preset=&#8221;default&#8221; custom_padding=&#8221;100px|60px|||false|false&#8221; custom_padding_tablet=&#8221;30px|0px|30px||false|false&#8221; custom_padding_phone=&#8221;20px||20px||false|false&#8221; custom_padding_last_edited=&#8221;on|phone&#8221; global_colors_info=&#8221;{}&#8221;][et_pb_text _builder_version=&#8221;4.18.0&#8243; _module_preset=&#8221;default&#8221; text_font=&#8221;Times New Roman||||||||&#8221; text_text_color=&#8221;#000000&#8243; text_font_size=&#8221;18px&#8221; text_line_height=&#8221;1.8em&#8221; text_orientation=&#8221;justified&#8221; custom_margin_tablet=&#8221;&#8221; custom_margin_phone=&#8221;||||false|false&#8221; custom_margin_last_edited=&#8221;on|phone&#8221; custom_padding=&#8221;0px|0px|||false|false&#8221; text_font_size_tablet=&#8221;16px&#8221; text_font_size_phone=&#8221;14px&#8221; text_font_size_last_edited=&#8221;off|desktop&#8221; locked=&#8221;off&#8221; global_colors_info=&#8221;{}&#8221;]<\/p>\n<p style=\"text-align: left;\"><em><strong>RATES<\/strong><\/em><\/p>\n<table class=\"aligncenter\" style=\"height: 321px; border-style: solid; width: 855px; margin-left: auto; margin-right: auto;\" border=\"1\" width=\"855\">\n<tbody>\n<tr style=\"height: 34px;\">\n<td style=\"width: 285.516px; text-align: center; height: 34px;\"><strong>Country\/Region<\/strong><\/td>\n<td style=\"width: 283.688px; text-align: center; height: 34px;\"><strong>Cost<\/strong><\/td>\n<td style=\"width: 284.758px; height: 34px; text-align: center;\"><strong>Estimated delivery time<\/strong><\/td>\n<\/tr>\n<tr style=\"height: 34px;\">\n<td style=\"width: 285.516px; text-align: center; height: 34px;\"><strong>Spain Standard (Pen\u00ednsula)<\/strong><\/td>\n<td style=\"width: 283.688px; text-align: center; height: 34px;\">6\u20ac<\/td>\n<td style=\"width: 284.758px; height: 34px; text-align: center;\">5-7 days<\/td>\n<\/tr>\n<tr style=\"height: 34px;\">\n<td style=\"width: 285.516px; text-align: center; height: 34px;\"><strong>Spain Express (Pen\u00ednsula)<\/strong><\/td>\n<td style=\"width: 283.688px; text-align: center; height: 34px;\">10\u20ac<\/td>\n<td style=\"width: 284.758px; height: 34px; text-align: center;\">24-48 hours<\/td>\n<\/tr>\n<tr style=\"height: 34px;\">\n<td style=\"width: 285.516px; text-align: center; height: 34px;\"><strong>Balears<\/strong><\/td>\n<td style=\"width: 283.688px; text-align: center; height: 34px;\">10\u20ac<\/td>\n<td style=\"width: 284.758px; height: 34px; text-align: center;\">5-7 days<\/td>\n<\/tr>\n<tr style=\"height: 34px;\">\n<td style=\"width: 285.516px; text-align: center; height: 34px;\"><strong>Canary Islands, Ceuta and Melilla<\/strong><\/td>\n<td style=\"width: 283.688px; text-align: center; height: 34px;\">10\u20ac<\/td>\n<td style=\"width: 284.758px; height: 34px; text-align: center;\">5-10 days<\/td>\n<\/tr>\n<tr style=\"height: 34px;\">\n<td style=\"width: 285.516px; text-align: center; height: 34px;\"><strong>Occidental Europe<\/strong><\/td>\n<td style=\"width: 283.688px; text-align: center; height: 34px;\">20\u20ac<\/td>\n<td style=\"width: 284.758px; height: 34px; text-align: center;\">5-7 days<\/td>\n<\/tr>\n<tr style=\"height: 34px;\">\n<td style=\"width: 285.516px; text-align: center; height: 34px;\"><strong>Rest of Europe<\/strong><\/td>\n<td style=\"width: 283.688px; text-align: center; height: 34px;\">30\u20ac<\/td>\n<td style=\"width: 284.758px; height: 34px; text-align: center;\">5-7 days<\/td>\n<\/tr>\n<\/tbody>\n<\/table>\n<p>*Occidental Europe: Portugal, Germany, Belgium, France, Italy, UK, Netherlands.<\/p>\n<p>[\/et_pb_text][\/et_pb_column][\/et_pb_row][\/et_pb_section][et_pb_section fb_built=&#8221;1&#8243; disabled_on=&#8221;off|off|on&#8221; admin_label=&#8221;About&#8221; _builder_version=&#8221;4.18.0&#8243; _module_preset=&#8221;default&#8221; custom_padding=&#8221;0px||||false|false&#8221; global_colors_info=&#8221;{}&#8221;][et_pb_row use_custom_gutter=&#8221;on&#8221; gutter_width=&#8221;1&#8243; _builder_version=&#8221;4.16&#8243; _module_preset=&#8221;default&#8221; custom_padding=&#8221;0px||||false|false&#8221; global_colors_info=&#8221;{}&#8221;][et_pb_column type=&#8221;4_4&#8243; _builder_version=&#8221;4.16&#8243; _module_preset=&#8221;default&#8221; custom_padding=&#8221;100px|60px|||false|false&#8221; custom_padding_tablet=&#8221;30px|0px|30px||false|false&#8221; custom_padding_phone=&#8221;20px||20px||false|false&#8221; custom_padding_last_edited=&#8221;on|phone&#8221; global_colors_info=&#8221;{}&#8221;][et_pb_text _builder_version=&#8221;4.22.1&#8243; _module_preset=&#8221;default&#8221; text_font=&#8221;Times New Roman||||||||&#8221; text_text_color=&#8221;#000000&#8243; text_font_size=&#8221;18px&#8221; text_line_height=&#8221;1.8em&#8221; text_orientation=&#8221;justified&#8221; custom_margin_tablet=&#8221;&#8221; custom_margin_phone=&#8221;||||false|false&#8221; custom_margin_last_edited=&#8221;on|phone&#8221; custom_padding=&#8221;0px|0px|294px||false|false&#8221; hover_enabled=&#8221;0&#8243; text_font_size_tablet=&#8221;16px&#8221; text_font_size_phone=&#8221;14px&#8221; text_font_size_last_edited=&#8221;off|desktop&#8221; locked=&#8221;off&#8221; global_colors_info=&#8221;{}&#8221; sticky_enabled=&#8221;0&#8243;]<\/p>\n<p style=\"text-align: left;\"><em><strong>RATES<\/strong><\/em><\/p>\n<table class=\"alignleft\" style=\"height: 321px; border-style: solid; width: 355px; margin-left: auto; margin-right: auto;\" border=\"1\" width=\"355\">\n<tbody>\n<tr style=\"height: 34px;\">\n<td style=\"width: 285.516px; text-align: center; height: 34px;\"><strong>Country\/Region<\/strong><\/td>\n<td style=\"width: 283.688px; text-align: center; height: 34px;\"><strong>Cost<\/strong><\/td>\n<td style=\"width: 284.758px; height: 34px; text-align: center;\"><strong>Estimated delivery time<\/strong><\/td>\n<\/tr>\n<tr style=\"height: 34px;\">\n<td style=\"width: 285.516px; text-align: center; height: 34px;\"><strong>Spain Standard (Pen\u00ednsula)<\/strong><\/td>\n<td style=\"width: 283.688px; text-align: center; height: 34px;\">9\u20ac<\/td>\n<td style=\"width: 284.758px; height: 34px; text-align: center;\">5-7 days<\/td>\n<\/tr>\n<tr style=\"height: 34px;\">\n<td style=\"width: 285.516px; text-align: center; height: 34px;\"><strong>Spain Express (Pen\u00ednsula)<\/strong><\/td>\n<td style=\"width: 283.688px; text-align: center; height: 34px;\">15\u20ac<\/td>\n<td style=\"width: 284.758px; height: 34px; text-align: center;\">24-48 hours<\/td>\n<\/tr>\n<tr style=\"height: 34px;\">\n<td style=\"width: 285.516px; text-align: center; height: 34px;\"><strong>Balears<\/strong><\/td>\n<td style=\"width: 283.688px; text-align: center; height: 34px;\">12\u20ac<\/td>\n<td style=\"width: 284.758px; height: 34px; text-align: center;\">5-7 days<\/td>\n<\/tr>\n<tr style=\"height: 34px;\">\n<td style=\"width: 285.516px; text-align: center; height: 34px;\"><strong>Canary Islands, Ceuta and Melilla<\/strong><\/td>\n<td style=\"width: 283.688px; text-align: center; height: 34px;\">12\u20ac<\/td>\n<td style=\"width: 284.758px; height: 34px; text-align: center;\">5-10 days<\/td>\n<\/tr>\n<tr style=\"height: 34px;\">\n<td style=\"width: 285.516px; text-align: center; height: 34px;\"><strong>Occidental Europe<\/strong><\/td>\n<td style=\"width: 283.688px; text-align: center; height: 34px;\">20\u20ac<\/td>\n<td style=\"width: 284.758px; height: 34px; text-align: center;\">5-7 days<\/td>\n<\/tr>\n<tr style=\"height: 34px;\">\n<td style=\"width: 285.516px; text-align: center; height: 34px;\"><strong>Rest of Europe<\/strong><\/td>\n<td style=\"width: 283.688px; text-align: center; height: 34px;\">30\u20ac<\/td>\n<td style=\"width: 284.758px; height: 34px; text-align: center;\">5-7 days<\/td>\n<\/tr>\n<\/tbody>\n<\/table>\n<p>&nbsp;<\/p>\n<p>*Occidental Europe: Portugal, Germany, Belgium, France, Italy, UK, Netherlands.<\/p>\n<p>[\/et_pb_text][\/et_pb_column][\/et_pb_row][\/et_pb_section]<\/p>\n","protected":false},"excerpt":{"rendered":"<p>Shipping and deliveryDelivery times and methods of delivery, as well as available payment methods, are clearly indicated during the purchase process. Although the Seller tries to always have available the products shown in this online store, exceptionally it may happen that the product requested by the customer is not available. In this case the seller [&hellip;]<\/p>\n","protected":false},"author":1,"featured_media":0,"parent":0,"menu_order":0,"comment_status":"closed","ping_status":"closed","template":"","meta":{"_et_pb_use_builder":"on","_et_pb_old_content":"","_et_gb_content_width":"","footnotes":""},"class_list":["post-1591","page","type-page","status-publish","hentry"],"yoast_head":"<!-- This site is optimized with the Yoast SEO plugin v27.4 - https:\/\/yoast.com\/product\/yoast-seo-wordpress\/ -->\n<title>Shipping and delivery - Mokita<\/title>\n<meta name=\"robots\" content=\"index, follow, max-snippet:-1, max-image-preview:large, max-video-preview:-1\" \/>\n<link rel=\"canonical\" href=\"https:\/\/mokitashop.com\/en\/shipping-and-delivery\/\" \/>\n<meta property=\"og:locale\" content=\"en_US\" \/>\n<meta property=\"og:type\" content=\"article\" \/>\n<meta property=\"og:title\" content=\"Shipping and delivery - Mokita\" \/>\n<meta property=\"og:description\" content=\"Shipping and deliveryDelivery times and methods of delivery, as well as available payment methods, are clearly indicated during the purchase process. Although the Seller tries to always have available the products shown in this online store, exceptionally it may happen that the product requested by the customer is not available. In this case the seller [&hellip;]\" \/>\n<meta property=\"og:url\" content=\"https:\/\/mokitashop.com\/en\/shipping-and-delivery\/\" \/>\n<meta property=\"og:site_name\" content=\"Mokita\" \/>\n<meta property=\"article:modified_time\" content=\"2023-09-20T18:02:10+00:00\" \/>\n<meta name=\"twitter:card\" content=\"summary_large_image\" \/>\n<meta name=\"twitter:label1\" content=\"Est. reading time\" \/>\n\t<meta name=\"twitter:data1\" content=\"3 minutes\" \/>\n<script type=\"application\/ld+json\" class=\"yoast-schema-graph\">{\"@context\":\"https:\\\/\\\/schema.org\",\"@graph\":[{\"@type\":\"WebPage\",\"@id\":\"https:\\\/\\\/mokitashop.com\\\/en\\\/shipping-and-delivery\\\/\",\"url\":\"https:\\\/\\\/mokitashop.com\\\/en\\\/shipping-and-delivery\\\/\",\"name\":\"Shipping and delivery - Mokita\",\"isPartOf\":{\"@id\":\"https:\\\/\\\/mokitashop.com\\\/en\\\/#website\"},\"datePublished\":\"2022-04-21T11:37:29+00:00\",\"dateModified\":\"2023-09-20T18:02:10+00:00\",\"breadcrumb\":{\"@id\":\"https:\\\/\\\/mokitashop.com\\\/en\\\/shipping-and-delivery\\\/#breadcrumb\"},\"inLanguage\":\"en-US\",\"potentialAction\":[{\"@type\":\"ReadAction\",\"target\":[\"https:\\\/\\\/mokitashop.com\\\/en\\\/shipping-and-delivery\\\/\"]}]},{\"@type\":\"BreadcrumbList\",\"@id\":\"https:\\\/\\\/mokitashop.com\\\/en\\\/shipping-and-delivery\\\/#breadcrumb\",\"itemListElement\":[{\"@type\":\"ListItem\",\"position\":1,\"name\":\"Portada\",\"item\":\"https:\\\/\\\/mokitashop.com\\\/en\\\/\"},{\"@type\":\"ListItem\",\"position\":2,\"name\":\"Shipping and delivery\"}]},{\"@type\":\"WebSite\",\"@id\":\"https:\\\/\\\/mokitashop.com\\\/en\\\/#website\",\"url\":\"https:\\\/\\\/mokitashop.com\\\/en\\\/\",\"name\":\"Mokita\",\"description\":\"Art\u00edculos de piel natural de gran calidad. Dise\u00f1amos y fabricamos piezas \u00fanicas con cari\u00f1o y d\u00e1ndole su sitio a cada una de ellas.\",\"publisher\":{\"@id\":\"https:\\\/\\\/mokitashop.com\\\/en\\\/#organization\"},\"potentialAction\":[{\"@type\":\"SearchAction\",\"target\":{\"@type\":\"EntryPoint\",\"urlTemplate\":\"https:\\\/\\\/mokitashop.com\\\/en\\\/?s={search_term_string}\"},\"query-input\":{\"@type\":\"PropertyValueSpecification\",\"valueRequired\":true,\"valueName\":\"search_term_string\"}}],\"inLanguage\":\"en-US\"},{\"@type\":\"Organization\",\"@id\":\"https:\\\/\\\/mokitashop.com\\\/en\\\/#organization\",\"name\":\"Mokita\",\"url\":\"https:\\\/\\\/mokitashop.com\\\/en\\\/\",\"logo\":{\"@type\":\"ImageObject\",\"inLanguage\":\"en-US\",\"@id\":\"https:\\\/\\\/mokitashop.com\\\/en\\\/#\\\/schema\\\/logo\\\/image\\\/\",\"url\":\"https:\\\/\\\/mokitashop.com\\\/wp-content\\\/uploads\\\/2022\\\/03\\\/Imagen1.png\",\"contentUrl\":\"https:\\\/\\\/mokitashop.com\\\/wp-content\\\/uploads\\\/2022\\\/03\\\/Imagen1.png\",\"width\":395,\"height\":97,\"caption\":\"Mokita\"},\"image\":{\"@id\":\"https:\\\/\\\/mokitashop.com\\\/en\\\/#\\\/schema\\\/logo\\\/image\\\/\"},\"sameAs\":[\"https:\\\/\\\/www.instagram.com\\\/mokitaspain\\\/\"]}]}<\/script>\n<!-- \/ Yoast SEO plugin. -->","yoast_head_json":{"title":"Shipping and delivery - Mokita","robots":{"index":"index","follow":"follow","max-snippet":"max-snippet:-1","max-image-preview":"max-image-preview:large","max-video-preview":"max-video-preview:-1"},"canonical":"https:\/\/mokitashop.com\/en\/shipping-and-delivery\/","og_locale":"en_US","og_type":"article","og_title":"Shipping and delivery - Mokita","og_description":"Shipping and deliveryDelivery times and methods of delivery, as well as available payment methods, are clearly indicated during the purchase process. Although the Seller tries to always have available the products shown in this online store, exceptionally it may happen that the product requested by the customer is not available. In this case the seller [&hellip;]","og_url":"https:\/\/mokitashop.com\/en\/shipping-and-delivery\/","og_site_name":"Mokita","article_modified_time":"2023-09-20T18:02:10+00:00","twitter_card":"summary_large_image","twitter_misc":{"Est. reading time":"3 minutes"},"schema":{"@context":"https:\/\/schema.org","@graph":[{"@type":"WebPage","@id":"https:\/\/mokitashop.com\/en\/shipping-and-delivery\/","url":"https:\/\/mokitashop.com\/en\/shipping-and-delivery\/","name":"Shipping and delivery - Mokita","isPartOf":{"@id":"https:\/\/mokitashop.com\/en\/#website"},"datePublished":"2022-04-21T11:37:29+00:00","dateModified":"2023-09-20T18:02:10+00:00","breadcrumb":{"@id":"https:\/\/mokitashop.com\/en\/shipping-and-delivery\/#breadcrumb"},"inLanguage":"en-US","potentialAction":[{"@type":"ReadAction","target":["https:\/\/mokitashop.com\/en\/shipping-and-delivery\/"]}]},{"@type":"BreadcrumbList","@id":"https:\/\/mokitashop.com\/en\/shipping-and-delivery\/#breadcrumb","itemListElement":[{"@type":"ListItem","position":1,"name":"Portada","item":"https:\/\/mokitashop.com\/en\/"},{"@type":"ListItem","position":2,"name":"Shipping and delivery"}]},{"@type":"WebSite","@id":"https:\/\/mokitashop.com\/en\/#website","url":"https:\/\/mokitashop.com\/en\/","name":"Mokita","description":"Art\u00edculos de piel natural de gran calidad. Dise\u00f1amos y fabricamos piezas \u00fanicas con cari\u00f1o y d\u00e1ndole su sitio a cada una de ellas.","publisher":{"@id":"https:\/\/mokitashop.com\/en\/#organization"},"potentialAction":[{"@type":"SearchAction","target":{"@type":"EntryPoint","urlTemplate":"https:\/\/mokitashop.com\/en\/?s={search_term_string}"},"query-input":{"@type":"PropertyValueSpecification","valueRequired":true,"valueName":"search_term_string"}}],"inLanguage":"en-US"},{"@type":"Organization","@id":"https:\/\/mokitashop.com\/en\/#organization","name":"Mokita","url":"https:\/\/mokitashop.com\/en\/","logo":{"@type":"ImageObject","inLanguage":"en-US","@id":"https:\/\/mokitashop.com\/en\/#\/schema\/logo\/image\/","url":"https:\/\/mokitashop.com\/wp-content\/uploads\/2022\/03\/Imagen1.png","contentUrl":"https:\/\/mokitashop.com\/wp-content\/uploads\/2022\/03\/Imagen1.png","width":395,"height":97,"caption":"Mokita"},"image":{"@id":"https:\/\/mokitashop.com\/en\/#\/schema\/logo\/image\/"},"sameAs":["https:\/\/www.instagram.com\/mokitaspain\/"]}]}},"_links":{"self":[{"href":"https:\/\/mokitashop.com\/en\/wp-json\/wp\/v2\/pages\/1591","targetHints":{"allow":["GET"]}}],"collection":[{"href":"https:\/\/mokitashop.com\/en\/wp-json\/wp\/v2\/pages"}],"about":[{"href":"https:\/\/mokitashop.com\/en\/wp-json\/wp\/v2\/types\/page"}],"author":[{"embeddable":true,"href":"https:\/\/mokitashop.com\/en\/wp-json\/wp\/v2\/users\/1"}],"replies":[{"embeddable":true,"href":"https:\/\/mokitashop.com\/en\/wp-json\/wp\/v2\/comments?post=1591"}],"version-history":[{"count":10,"href":"https:\/\/mokitashop.com\/en\/wp-json\/wp\/v2\/pages\/1591\/revisions"}],"predecessor-version":[{"id":8844,"href":"https:\/\/mokitashop.com\/en\/wp-json\/wp\/v2\/pages\/1591\/revisions\/8844"}],"wp:attachment":[{"href":"https:\/\/mokitashop.com\/en\/wp-json\/wp\/v2\/media?parent=1591"}],"curies":[{"name":"wp","href":"https:\/\/api.w.org\/{rel}","templated":true}]}}